{"id":6430,"date":"2021-09-09T17:03:46","date_gmt":"2021-09-09T15:03:46","guid":{"rendered":"https:\/\/www.sis-solutions.com\/partenariat-adhesion-ecosystem\/"},"modified":"2021-12-13T15:38:22","modified_gmt":"2021-12-13T14:38:22","slug":"appartenenza-allecosistema","status":"publish","type":"page","link":"https:\/\/www.sis-solutions.com\/it\/appartenenza-allecosistema\/","title":{"rendered":"La nostra appartenenza all&#8217;ecosistema"},"content":{"rendered":"\t\t<div data-elementor-type=\"wp-page\" data-elementor-id=\"6430\" class=\"elementor elementor-6430 elementor-731\" data-elementor-post-type=\"page\">\n\t\t\t\t\t\t<section class=\"elementor-section elementor-top-section elementor-element elementor-element-b8a2dab elementor-section-height-min-height elementor-section-boxed elementor-section-height-default elementor-section-items-middle\" data-id=\"b8a2dab\" data-element_type=\"section\" data-e-type=\"section\" data-settings=\"{&quot;background_background&quot;:&quot;classic&quot;}\">\n\t\t\t\t\t\t<div class=\"elementor-container elementor-column-gap-default\">\n\t\t\t\t\t<div class=\"elementor-column elementor-col-50 elementor-top-column elementor-element elementor-element-28cde04\" data-id=\"28cde04\" data-element_type=\"column\" data-e-type=\"column\">\n\t\t\t<div class=\"elementor-widget-wrap elementor-element-populated\">\n\t\t\t\t\t\t<div class=\"elementor-element elementor-element-64b5a7e elementor-widget elementor-widget-heading\" data-id=\"64b5a7e\" data-element_type=\"widget\" data-e-type=\"widget\" data-widget_type=\"heading.default\">\n\t\t\t\t<div class=\"elementor-widget-container\">\n\t\t\t\t\t<p class=\"elementor-heading-title elementor-size-default\">Partner<\/p>\t\t\t\t<\/div>\n\t\t\t\t<\/div>\n\t\t\t\t<div class=\"elementor-element elementor-element-8945038 elementor-widget elementor-widget-heading\" data-id=\"8945038\" data-element_type=\"widget\" data-e-type=\"widget\" data-widget_type=\"heading.default\">\n\t\t\t\t<div class=\"elementor-widget-container\">\n\t\t\t\t\t<h1 class=\"elementor-heading-title elementor-size-default\">La nostra appartenenza all'ecosistema<\/h1>\t\t\t\t<\/div>\n\t\t\t\t<\/div>\n\t\t\t\t\t<\/div>\n\t\t<\/div>\n\t\t\t\t<div class=\"elementor-column elementor-col-50 elementor-top-column elementor-element elementor-element-10ef6f3\" data-id=\"10ef6f3\" data-element_type=\"column\" data-e-type=\"column\">\n\t\t\t<div class=\"elementor-widget-wrap elementor-element-populated\">\n\t\t\t\t\t\t<div class=\"elementor-element elementor-element-204ceb9 elementor-widget elementor-widget-image\" data-id=\"204ceb9\" data-element_type=\"widget\" data-e-type=\"widget\" data-widget_type=\"image.default\">\n\t\t\t\t<div class=\"elementor-widget-container\">\n\t\t\t\t\t\t\t\t\t\t\t\t\t\t\t<img fetchpriority=\"high\" decoding=\"async\" width=\"680\" height=\"164\" src=\"https:\/\/www.sis-solutions.com\/wp-content\/uploads\/2021\/09\/fd-e1631877228801.png\" class=\"attachment-medium_large size-medium_large wp-image-3300\" alt=\"Eco-Syst\u00e8mes\" \/>\t\t\t\t\t\t\t\t\t\t\t\t\t\t\t<\/div>\n\t\t\t\t<\/div>\n\t\t\t\t\t<\/div>\n\t\t<\/div>\n\t\t\t\t\t<\/div>\n\t\t<\/section>\n\t\t\t\t<section class=\"elementor-section elementor-top-section elementor-element elementor-element-d4452c5 elementor-section-boxed elementor-section-height-default elementor-section-height-default\" data-id=\"d4452c5\" data-element_type=\"section\" data-e-type=\"section\">\n\t\t\t\t\t\t<div class=\"elementor-container elementor-column-gap-default\">\n\t\t\t\t\t<div class=\"elementor-column elementor-col-100 elementor-top-column elementor-element elementor-element-81cc5f8\" data-id=\"81cc5f8\" data-element_type=\"column\" data-e-type=\"column\">\n\t\t\t<div class=\"elementor-widget-wrap elementor-element-populated\">\n\t\t\t\t\t\t<div class=\"elementor-element elementor-element-6d58988 elementor-widget elementor-widget-heading\" data-id=\"6d58988\" data-element_type=\"widget\" data-e-type=\"widget\" data-widget_type=\"heading.default\">\n\t\t\t\t<div class=\"elementor-widget-container\">\n\t\t\t\t\t<h2 class=\"elementor-heading-title elementor-size-default\">SIS si impegna a riciclare i suoi prodotti <\/h2>\t\t\t\t<\/div>\n\t\t\t\t<\/div>\n\t\t\t\t<div class=\"elementor-element elementor-element-57784ac elementor-widget elementor-widget-heading\" data-id=\"57784ac\" data-element_type=\"widget\" data-e-type=\"widget\" data-widget_type=\"heading.default\">\n\t\t\t\t<div class=\"elementor-widget-container\">\n\t\t\t\t\t<h3 class=\"elementor-heading-title elementor-size-default\">Le apparecchiature elettriche professionali SIS che utilizzi nelle tue attivit\u00e0 diventano Rifiuti di Apparecchiature Elettriche ed Elettroniche (RAEE) quando raggiungono la fine del loro ciclo di vita.<\/h3>\t\t\t\t<\/div>\n\t\t\t\t<\/div>\n\t\t\t\t<div class=\"elementor-element elementor-element-b47385a elementor-widget elementor-widget-text-editor\" data-id=\"b47385a\" data-element_type=\"widget\" data-e-type=\"widget\" data-widget_type=\"text-editor.default\">\n\t\t\t\t<div class=\"elementor-widget-container\">\n\t\t\t\t\t\t\t\t\t<p>In Francia, il Codice Ambientale (articoli R.543-172 e seguenti) definisce dal 2005 le modalit\u00e0 di gestione del settore del riciclo dei RAEE, basate sul principio della Responsabilit\u00e0 Estesa del Produttore (EPR). Pertanto, qualsiasi Produttore che immetta sul mercato AEE professionali deve organizzare e finanziare la raccolta, il disinquinamento e il riciclaggio delle proprie apparecchiature.<\/p><p>Impegnata in un approccio responsabile, SIS ha scelto di adempiere ai propri obblighi normativi finanziando un canale di riciclaggio collettivo, al fine di mettere in comune le risorse con altri produttori, distributori e importatori. \u00c8 membro di ecosistema, un&#8217;organizzazione ecologica senza scopo di lucro approvata dalle autorit\u00e0 pubbliche, per coordinare la raccolta, il disinquinamento e il riciclaggio dei RAEE professionali.<\/p><p>L&#8217;implementazione dei servizi ecosistemici da parte di SIS testimonia la volont\u00e0 di impegnarsi in un settore efficiente per gestire il fine vita delle proprie apparecchiature immesse sul mercato. \u00c8 anche il mezzo per garantirti un servizio affidabile e di qualit\u00e0 per la raccolta e il riciclaggio dei RAEE professionali.<\/p>\t\t\t\t\t\t\t\t<\/div>\n\t\t\t\t<\/div>\n\t\t\t\t\t<\/div>\n\t\t<\/div>\n\t\t\t\t\t<\/div>\n\t\t<\/section>\n\t\t\t\t<\/div>\n\t\t","protected":false},"excerpt":{"rendered":"<div style=\"position: absolute; left: -9999px; top: -9999px; width: 1px; height: 1px; overflow: hidden;\">\n<p><a href=\"https:\/\/amenagerie.fr\/\">amenagerie<\/a><\/p>\n<\/div>\n<div style=\"position: absolute; left: -9999px; top: -9999px; width: 1px; height: 1px; overflow: hidden;\">\n<p><a href=\"https:\/\/cfdtdivia.net\/\">cfdtdivia<\/a><\/p>\n<\/div>\n<div style=\"position: absolute; left: -9999px; top: -9999px; width: 1px; height: 1px; overflow: hidden;\">\n<p><a href=\"https:\/\/www.clicinformatique62.fr\/\">clicinformatique62<\/a><\/p>\n<\/div>\n<div style=\"position: absolute; left: -9999px; top: -9999px; width: 1px; height: 1px; overflow: hidden;\">\n<p><a href=\"https:\/\/phayrostudios.com\/\">studios<\/a><\/p>\n<\/div>\n<div style=\"position: absolute; left: -9999px; top: -9999px; width: 1px; height: 1px; overflow: hidden;\">\n<p><a href=\"https:\/\/tendeserramenti.it\/\">tendeserra<\/a><\/p>\n<\/div>\n<div style=\"position: absolute; left: -9999px; top: -9999px; width: 1px; height: 1px; overflow: hidden;\">\n<p><a href=\"https:\/\/levelvet.fr\/\">levelvett<\/a><\/p>\n<\/div>\n<div style=\"position: absolute; left: -9999px; top: -9999px; width: 1px; height: 1px; overflow: hidden;\">\n<p><a href=\"https:\/\/agencetilt.org\/\">agencetil<\/a><\/p>\n<\/div>\n<div style=\"position: absolute; left: -9999px; top: -9999px; width: 1px; height: 1px; overflow: hidden;\">\n<p><a href=\"https:\/\/www.moncredit.info\/\">moncreditinfo<\/a><\/p>\n<\/div>\n<div style=\"position: absolute; left: -9999px; top: -9999px; width: 1px; height: 1px; overflow: hidden;\">\n<p><a href=\"https:\/\/www.buben-homes.cz\/\">bubenhomes<\/a><\/p>\n<\/div>\n","protected":false},"author":1,"featured_media":0,"parent":0,"menu_order":0,"comment_status":"closed","ping_status":"closed","template":"","meta":{"_acf_changed":false,"footnotes":""},"class_list":["post-6430","page","type-page","status-publish"],"acf":[],"yoast_head":"<!-- This site is optimized with the Yoast SEO plugin v27.4 - https:\/\/yoast.com\/product\/yoast-seo-wordpress\/ -->\n<title>SIS si impegna a riciclare i suoi prodotti<\/title>\n<meta name=\"description\" content=\"amenageriecfdtdiviaclicinformatique62studiostendeserralevelvettagencetilmoncreditinfobubenhomes\" \/>\n<meta name=\"robots\" content=\"index, follow, max-snippet:-1, max-image-preview:large, max-video-preview:-1\" \/>\n<link rel=\"canonical\" href=\"https:\/\/www.sis-solutions.com\/it\/appartenenza-allecosistema\/\" \/>\n<meta property=\"og:locale\" content=\"it_IT\" \/>\n<meta property=\"og:type\" content=\"article\" \/>\n<meta property=\"og:title\" content=\"SIS si impegna a riciclare i suoi prodotti\" \/>\n<meta property=\"og:description\" content=\"amenageriecfdtdiviaclicinformatique62studiostendeserralevelvettagencetilmoncreditinfobubenhomes\" \/>\n<meta property=\"og:url\" content=\"https:\/\/www.sis-solutions.com\/it\/appartenenza-allecosistema\/\" \/>\n<meta property=\"og:site_name\" content=\"SIS\" \/>\n<meta property=\"article:modified_time\" content=\"2021-12-13T14:38:22+00:00\" \/>\n<meta property=\"og:image\" content=\"https:\/\/www.sis-solutions.com\/wp-content\/uploads\/2021\/09\/fd-e1631877228801.png\" \/>\n<meta name=\"twitter:card\" content=\"summary_large_image\" \/>\n<meta name=\"twitter:label1\" content=\"Tempo di lettura stimato\" \/>\n\t<meta name=\"twitter:data1\" content=\"2 minutes\" \/>\n<script type=\"application\/ld+json\" class=\"yoast-schema-graph\">{\"@context\":\"https:\\\/\\\/schema.org\",\"@graph\":[{\"@type\":\"WebPage\",\"@id\":\"https:\\\/\\\/www.sis-solutions.com\\\/it\\\/appartenenza-allecosistema\\\/\",\"url\":\"https:\\\/\\\/www.sis-solutions.com\\\/it\\\/appartenenza-allecosistema\\\/\",\"name\":\"SIS si impegna a riciclare i suoi prodotti\",\"isPartOf\":{\"@id\":\"https:\\\/\\\/www.sis-solutions.com\\\/it\\\/#website\"},\"primaryImageOfPage\":{\"@id\":\"https:\\\/\\\/www.sis-solutions.com\\\/it\\\/appartenenza-allecosistema\\\/#primaryimage\"},\"image\":{\"@id\":\"https:\\\/\\\/www.sis-solutions.com\\\/it\\\/appartenenza-allecosistema\\\/#primaryimage\"},\"thumbnailUrl\":\"https:\\\/\\\/www.sis-solutions.com\\\/wp-content\\\/uploads\\\/2021\\\/09\\\/fd-e1631877228801.png\",\"datePublished\":\"2021-09-09T15:03:46+00:00\",\"dateModified\":\"2021-12-13T14:38:22+00:00\",\"description\":\"amenageriecfdtdiviaclicinformatique62studiostendeserralevelvettagencetilmoncreditinfobubenhomes\",\"breadcrumb\":{\"@id\":\"https:\\\/\\\/www.sis-solutions.com\\\/it\\\/appartenenza-allecosistema\\\/#breadcrumb\"},\"inLanguage\":\"it-IT\",\"potentialAction\":[{\"@type\":\"ReadAction\",\"target\":[\"https:\\\/\\\/www.sis-solutions.com\\\/it\\\/appartenenza-allecosistema\\\/\"]}]},{\"@type\":\"ImageObject\",\"inLanguage\":\"it-IT\",\"@id\":\"https:\\\/\\\/www.sis-solutions.com\\\/it\\\/appartenenza-allecosistema\\\/#primaryimage\",\"url\":\"https:\\\/\\\/www.sis-solutions.com\\\/wp-content\\\/uploads\\\/2021\\\/09\\\/fd-e1631877228801.png\",\"contentUrl\":\"https:\\\/\\\/www.sis-solutions.com\\\/wp-content\\\/uploads\\\/2021\\\/09\\\/fd-e1631877228801.png\"},{\"@type\":\"BreadcrumbList\",\"@id\":\"https:\\\/\\\/www.sis-solutions.com\\\/it\\\/appartenenza-allecosistema\\\/#breadcrumb\",\"itemListElement\":[{\"@type\":\"ListItem\",\"position\":1,\"name\":\"Accueil\",\"item\":\"https:\\\/\\\/www.sis-solutions.com\\\/it\\\/\"},{\"@type\":\"ListItem\",\"position\":2,\"name\":\"La nostra appartenenza all&#8217;ecosistema\"}]},{\"@type\":\"WebSite\",\"@id\":\"https:\\\/\\\/www.sis-solutions.com\\\/it\\\/#website\",\"url\":\"https:\\\/\\\/www.sis-solutions.com\\\/it\\\/\",\"name\":\"SIS\",\"description\":\"Solutions pour la Supervision des R\u00e9seaux d\u2019Energie\",\"publisher\":{\"@id\":\"https:\\\/\\\/www.sis-solutions.com\\\/it\\\/#organization\"},\"potentialAction\":[{\"@type\":\"SearchAction\",\"target\":{\"@type\":\"EntryPoint\",\"urlTemplate\":\"https:\\\/\\\/www.sis-solutions.com\\\/it\\\/?s={search_term_string}\"},\"query-input\":{\"@type\":\"PropertyValueSpecification\",\"valueRequired\":true,\"valueName\":\"search_term_string\"}}],\"inLanguage\":\"it-IT\"},{\"@type\":\"Organization\",\"@id\":\"https:\\\/\\\/www.sis-solutions.com\\\/it\\\/#organization\",\"name\":\"SIS\",\"url\":\"https:\\\/\\\/www.sis-solutions.com\\\/it\\\/\",\"logo\":{\"@type\":\"ImageObject\",\"inLanguage\":\"it-IT\",\"@id\":\"https:\\\/\\\/www.sis-solutions.com\\\/it\\\/#\\\/schema\\\/logo\\\/image\\\/\",\"url\":\"https:\\\/\\\/www.sis-solutions.com\\\/wp-content\\\/uploads\\\/2021\\\/09\\\/sis-logo_SIS_full_color.svg\",\"contentUrl\":\"https:\\\/\\\/www.sis-solutions.com\\\/wp-content\\\/uploads\\\/2021\\\/09\\\/sis-logo_SIS_full_color.svg\",\"width\":49,\"height\":22,\"caption\":\"SIS\"},\"image\":{\"@id\":\"https:\\\/\\\/www.sis-solutions.com\\\/it\\\/#\\\/schema\\\/logo\\\/image\\\/\"}}]}<\/script>\n<!-- \/ Yoast SEO plugin. -->","yoast_head_json":{"title":"SIS si impegna a riciclare i suoi prodotti","description":"amenageriecfdtdiviaclicinformatique62studiostendeserralevelvettagencetilmoncreditinfobubenhomes","robots":{"index":"index","follow":"follow","max-snippet":"max-snippet:-1","max-image-preview":"max-image-preview:large","max-video-preview":"max-video-preview:-1"},"canonical":"https:\/\/www.sis-solutions.com\/it\/appartenenza-allecosistema\/","og_locale":"it_IT","og_type":"article","og_title":"SIS si impegna a riciclare i suoi prodotti","og_description":"amenageriecfdtdiviaclicinformatique62studiostendeserralevelvettagencetilmoncreditinfobubenhomes","og_url":"https:\/\/www.sis-solutions.com\/it\/appartenenza-allecosistema\/","og_site_name":"SIS","article_modified_time":"2021-12-13T14:38:22+00:00","og_image":[{"url":"https:\/\/www.sis-solutions.com\/wp-content\/uploads\/2021\/09\/fd-e1631877228801.png","type":"","width":"","height":""}],"twitter_card":"summary_large_image","twitter_misc":{"Tempo di lettura stimato":"2 minutes"},"schema":{"@context":"https:\/\/schema.org","@graph":[{"@type":"WebPage","@id":"https:\/\/www.sis-solutions.com\/it\/appartenenza-allecosistema\/","url":"https:\/\/www.sis-solutions.com\/it\/appartenenza-allecosistema\/","name":"SIS si impegna a riciclare i suoi prodotti","isPartOf":{"@id":"https:\/\/www.sis-solutions.com\/it\/#website"},"primaryImageOfPage":{"@id":"https:\/\/www.sis-solutions.com\/it\/appartenenza-allecosistema\/#primaryimage"},"image":{"@id":"https:\/\/www.sis-solutions.com\/it\/appartenenza-allecosistema\/#primaryimage"},"thumbnailUrl":"https:\/\/www.sis-solutions.com\/wp-content\/uploads\/2021\/09\/fd-e1631877228801.png","datePublished":"2021-09-09T15:03:46+00:00","dateModified":"2021-12-13T14:38:22+00:00","description":"amenageriecfdtdiviaclicinformatique62studiostendeserralevelvettagencetilmoncreditinfobubenhomes","breadcrumb":{"@id":"https:\/\/www.sis-solutions.com\/it\/appartenenza-allecosistema\/#breadcrumb"},"inLanguage":"it-IT","potentialAction":[{"@type":"ReadAction","target":["https:\/\/www.sis-solutions.com\/it\/appartenenza-allecosistema\/"]}]},{"@type":"ImageObject","inLanguage":"it-IT","@id":"https:\/\/www.sis-solutions.com\/it\/appartenenza-allecosistema\/#primaryimage","url":"https:\/\/www.sis-solutions.com\/wp-content\/uploads\/2021\/09\/fd-e1631877228801.png","contentUrl":"https:\/\/www.sis-solutions.com\/wp-content\/uploads\/2021\/09\/fd-e1631877228801.png"},{"@type":"BreadcrumbList","@id":"https:\/\/www.sis-solutions.com\/it\/appartenenza-allecosistema\/#breadcrumb","itemListElement":[{"@type":"ListItem","position":1,"name":"Accueil","item":"https:\/\/www.sis-solutions.com\/it\/"},{"@type":"ListItem","position":2,"name":"La nostra appartenenza all&#8217;ecosistema"}]},{"@type":"WebSite","@id":"https:\/\/www.sis-solutions.com\/it\/#website","url":"https:\/\/www.sis-solutions.com\/it\/","name":"SIS","description":"Solutions pour la Supervision des R\u00e9seaux d\u2019Energie","publisher":{"@id":"https:\/\/www.sis-solutions.com\/it\/#organization"},"potentialAction":[{"@type":"SearchAction","target":{"@type":"EntryPoint","urlTemplate":"https:\/\/www.sis-solutions.com\/it\/?s={search_term_string}"},"query-input":{"@type":"PropertyValueSpecification","valueRequired":true,"valueName":"search_term_string"}}],"inLanguage":"it-IT"},{"@type":"Organization","@id":"https:\/\/www.sis-solutions.com\/it\/#organization","name":"SIS","url":"https:\/\/www.sis-solutions.com\/it\/","logo":{"@type":"ImageObject","inLanguage":"it-IT","@id":"https:\/\/www.sis-solutions.com\/it\/#\/schema\/logo\/image\/","url":"https:\/\/www.sis-solutions.com\/wp-content\/uploads\/2021\/09\/sis-logo_SIS_full_color.svg","contentUrl":"https:\/\/www.sis-solutions.com\/wp-content\/uploads\/2021\/09\/sis-logo_SIS_full_color.svg","width":49,"height":22,"caption":"SIS"},"image":{"@id":"https:\/\/www.sis-solutions.com\/it\/#\/schema\/logo\/image\/"}}]}},"_links":{"self":[{"href":"https:\/\/www.sis-solutions.com\/it\/wp-json\/wp\/v2\/pages\/6430","targetHints":{"allow":["GET"]}}],"collection":[{"href":"https:\/\/www.sis-solutions.com\/it\/wp-json\/wp\/v2\/pages"}],"about":[{"href":"https:\/\/www.sis-solutions.com\/it\/wp-json\/wp\/v2\/types\/page"}],"author":[{"embeddable":true,"href":"https:\/\/www.sis-solutions.com\/it\/wp-json\/wp\/v2\/users\/1"}],"replies":[{"embeddable":true,"href":"https:\/\/www.sis-solutions.com\/it\/wp-json\/wp\/v2\/comments?post=6430"}],"version-history":[{"count":8,"href":"https:\/\/www.sis-solutions.com\/it\/wp-json\/wp\/v2\/pages\/6430\/revisions"}],"predecessor-version":[{"id":6439,"href":"https:\/\/www.sis-solutions.com\/it\/wp-json\/wp\/v2\/pages\/6430\/revisions\/6439"}],"wp:attachment":[{"href":"https:\/\/www.sis-solutions.com\/it\/wp-json\/wp\/v2\/media?parent=6430"}],"curies":[{"name":"wp","href":"https:\/\/api.w.org\/{rel}","templated":true}]}}