{"id":6378,"date":"2021-09-16T15:55:17","date_gmt":"2021-09-16T13:55:17","guid":{"rendered":"https:\/\/www.sis-solutions.com\/partenariat-alliance-wize\/"},"modified":"2021-12-13T15:39:09","modified_gmt":"2021-12-13T14:39:09","slug":"alleanza-wize","status":"publish","type":"page","link":"https:\/\/www.sis-solutions.com\/it\/alleanza-wize\/","title":{"rendered":"Alleanza WIZE"},"content":{"rendered":"\t\t<div data-elementor-type=\"wp-page\" data-elementor-id=\"6378\" class=\"elementor elementor-6378 elementor-3285\" data-elementor-post-type=\"page\">\n\t\t\t\t\t\t<section class=\"elementor-section elementor-top-section elementor-element elementor-element-ccd3fd5 elementor-section-height-min-height elementor-section-boxed elementor-section-height-default elementor-section-items-middle\" data-id=\"ccd3fd5\" data-element_type=\"section\" data-e-type=\"section\" data-settings=\"{&quot;background_background&quot;:&quot;classic&quot;}\">\n\t\t\t\t\t\t<div class=\"elementor-container elementor-column-gap-default\">\n\t\t\t\t\t<div class=\"elementor-column elementor-col-50 elementor-top-column elementor-element elementor-element-c60f860\" data-id=\"c60f860\" data-element_type=\"column\" data-e-type=\"column\">\n\t\t\t<div class=\"elementor-widget-wrap elementor-element-populated\">\n\t\t\t\t\t\t<div class=\"elementor-element elementor-element-35bae67 elementor-widget elementor-widget-heading\" data-id=\"35bae67\" data-element_type=\"widget\" data-e-type=\"widget\" data-widget_type=\"heading.default\">\n\t\t\t\t<div class=\"elementor-widget-container\">\n\t\t\t\t\t<p class=\"elementor-heading-title elementor-size-default\">Partenariati<\/p>\t\t\t\t<\/div>\n\t\t\t\t<\/div>\n\t\t\t\t<div class=\"elementor-element elementor-element-27b7d6d elementor-widget elementor-widget-heading\" data-id=\"27b7d6d\" data-element_type=\"widget\" data-e-type=\"widget\" data-widget_type=\"heading.default\">\n\t\t\t\t<div class=\"elementor-widget-container\">\n\t\t\t\t\t<h1 class=\"elementor-heading-title elementor-size-default\">Alleanza WIZE<\/h1>\t\t\t\t<\/div>\n\t\t\t\t<\/div>\n\t\t\t\t\t<\/div>\n\t\t<\/div>\n\t\t\t\t<div class=\"elementor-column elementor-col-50 elementor-top-column elementor-element elementor-element-44be3ae\" data-id=\"44be3ae\" data-element_type=\"column\" data-e-type=\"column\">\n\t\t\t<div class=\"elementor-widget-wrap elementor-element-populated\">\n\t\t\t\t\t\t<div class=\"elementor-element elementor-element-aae6f89 elementor-widget elementor-widget-image\" data-id=\"aae6f89\" data-element_type=\"widget\" data-e-type=\"widget\" data-widget_type=\"image.default\">\n\t\t\t\t<div class=\"elementor-widget-container\">\n\t\t\t\t\t\t\t\t\t\t\t\t\t\t\t<img fetchpriority=\"high\" decoding=\"async\" width=\"768\" height=\"291\" src=\"https:\/\/www.sis-solutions.com\/wp-content\/uploads\/2021\/09\/Wize-Alliance-Logo-blue-768x291.png\" class=\"attachment-medium_large size-medium_large wp-image-3405\" alt=\"Wize Alliance\" srcset=\"https:\/\/www.sis-solutions.com\/wp-content\/uploads\/2021\/09\/Wize-Alliance-Logo-blue-768x291.png 768w, https:\/\/www.sis-solutions.com\/wp-content\/uploads\/2021\/09\/Wize-Alliance-Logo-blue-300x114.png 300w, https:\/\/www.sis-solutions.com\/wp-content\/uploads\/2021\/09\/Wize-Alliance-Logo-blue.png 933w\" sizes=\"(max-width: 768px) 100vw, 768px\" \/>\t\t\t\t\t\t\t\t\t\t\t\t\t\t\t<\/div>\n\t\t\t\t<\/div>\n\t\t\t\t\t<\/div>\n\t\t<\/div>\n\t\t\t\t\t<\/div>\n\t\t<\/section>\n\t\t\t\t<section class=\"elementor-section elementor-top-section elementor-element elementor-element-86ff260 elementor-section-boxed elementor-section-height-default elementor-section-height-default\" data-id=\"86ff260\" data-element_type=\"section\" data-e-type=\"section\">\n\t\t\t\t\t\t<div class=\"elementor-container elementor-column-gap-default\">\n\t\t\t\t\t<div class=\"elementor-column elementor-col-100 elementor-top-column elementor-element elementor-element-888f164\" data-id=\"888f164\" data-element_type=\"column\" data-e-type=\"column\">\n\t\t\t<div class=\"elementor-widget-wrap elementor-element-populated\">\n\t\t\t\t\t\t<div class=\"elementor-element elementor-element-623fbad elementor-widget elementor-widget-heading\" data-id=\"623fbad\" data-element_type=\"widget\" data-e-type=\"widget\" data-widget_type=\"heading.default\">\n\t\t\t\t<div class=\"elementor-widget-container\">\n\t\t\t\t\t<h2 class=\"elementor-heading-title elementor-size-default\">Un'associazione professionale internazionale, per promuovere l'Internet delle cose (IdC)<\/h2>\t\t\t\t<\/div>\n\t\t\t\t<\/div>\n\t\t\t\t<div class=\"elementor-element elementor-element-4952823 elementor-widget elementor-widget-text-editor\" data-id=\"4952823\" data-element_type=\"widget\" data-e-type=\"widget\" data-widget_type=\"text-editor.default\">\n\t\t\t\t<div class=\"elementor-widget-container\">\n\t\t\t\t\t\t\t\t\t<p>L&#8217;alleanza WIZE \u00e8 stata creata nel 2017 da GRDF, Suez e Sagemcom per promuovere l&#8217;adozione dell&#8217;omonima rete IdC nel mondo dell&#8217;industria e dei servizi pubblici urbani. Questa associazione senza fini di lucro lavora sull&#8217;armonizzazione dei protocolli per diventare il nuovo standard della Citt\u00e0 intelligente (Smart City).<\/p><p>La soluzione WIZE \u00e8 un processo innovativo che consente di risalire ai server dei dati raccolti sul campo dai dispositivi. I dati trasportati da questo protocollo attraversano facilmente i muri e le spesse volte dei sotterranei delle abitazioni. Questo sistema \u00e8 gi\u00e0 stato testato in pi\u00f9 di 500 citt\u00e0 e 15 paesi in Europa, Africa e Asia.<\/p>\t\t\t\t\t\t\t\t<\/div>\n\t\t\t\t<\/div>\n\t\t\t\t<div class=\"elementor-element elementor-element-b070ab9 elementor-widget elementor-widget-spacer\" data-id=\"b070ab9\" data-element_type=\"widget\" data-e-type=\"widget\" data-widget_type=\"spacer.default\">\n\t\t\t\t<div class=\"elementor-widget-container\">\n\t\t\t\t\t\t\t<div class=\"elementor-spacer\">\n\t\t\t<div class=\"elementor-spacer-inner\"><\/div>\n\t\t<\/div>\n\t\t\t\t\t\t<\/div>\n\t\t\t\t<\/div>\n\t\t\t\t<div class=\"elementor-element elementor-element-33a777b elementor-widget elementor-widget-heading\" data-id=\"33a777b\" data-element_type=\"widget\" data-e-type=\"widget\" data-widget_type=\"heading.default\">\n\t\t\t\t<div class=\"elementor-widget-container\">\n\t\t\t\t\t<h3 class=\"elementor-heading-title elementor-size-default\">Tecnologia che soddisfa le esigenze dei produttori<\/h3>\t\t\t\t<\/div>\n\t\t\t\t<\/div>\n\t\t\t\t<div class=\"elementor-element elementor-element-9ca6bf4 elementor-widget elementor-widget-text-editor\" data-id=\"9ca6bf4\" data-element_type=\"widget\" data-e-type=\"widget\" data-widget_type=\"text-editor.default\">\n\t\t\t\t<div class=\"elementor-widget-container\">\n\t\t\t\t\t\t\t\t\t<p>Questa tecnologia di comunicazione \u00e8 il modo migliore per implementare una rete locale. La tecnologia WIZE combina:<\/p><ul><li>Radio a bassa frequenza (169Mhz)<\/li><li>Basso consumo<\/li><li>Flusso basso<\/li><li>Lungo raggio<\/li><li>Bidirezionale<\/li><\/ul><p>Robusto, facile e digitale, WIZE offre una soluzione di prima scelta per affrontare le sfide urbane di domani (Smart Grid).<\/p><p><strong>WIZE \u00e8 sviluppato per soddisfare un&#8217;esigenza prevalentemente industriale :<\/strong><\/p><ul><li>Misurazione intelligente\u00a0: acqua, gas, petrolio, ecc.<\/li><li>Citt\u00e0 intelligente<\/li><li>Gestione dei rifiuti<\/li><li>Industria 4.0<\/li><li>Energie rinnovabili<\/li><li>Contatori comunicanti<\/li><li>Illuminazione di una citt\u00e0 ecc.<\/li><\/ul>\t\t\t\t\t\t\t\t<\/div>\n\t\t\t\t<\/div>\n\t\t\t\t<div class=\"elementor-element elementor-element-30ed45a elementor-widget elementor-widget-heading\" data-id=\"30ed45a\" data-element_type=\"widget\" data-e-type=\"widget\" data-widget_type=\"heading.default\">\n\t\t\t\t<div class=\"elementor-widget-container\">\n\t\t\t\t\t<h2 class=\"elementor-heading-title elementor-size-default\">SIS membro dell'alleanza<\/h2>\t\t\t\t<\/div>\n\t\t\t\t<\/div>\n\t\t\t\t<div class=\"elementor-element elementor-element-65a48a5 elementor-widget elementor-widget-text-editor\" data-id=\"65a48a5\" data-element_type=\"widget\" data-e-type=\"widget\" data-widget_type=\"text-editor.default\">\n\t\t\t\t<div class=\"elementor-widget-container\">\n\t\t\t\t\t\t\t\t\t<p>Membro dell&#8217;alleanza WIZE dal 2020, SIS lavora sul futuro della comunicazione degli oggetti connessi (Internet of Things o IoT).<\/p><p><strong>Le nostre soluzioni saranno :<\/strong><\/p><ul><li>Pi\u00f9 sicuro grazie al funzionamento crittografato<\/li><li>Pi\u00f9 autonomo<\/li><li>Efficiente in ambienti in cui la tecnologia cellulare \u00e8 inadeguata<\/li><\/ul><p>Lei ha un progetto, un&#8217;esigenza o vuole maggiori informazioni Il nostro team commerciale La contatter\u00e0 per rispondere il prima possibile.<\/p>\t\t\t\t\t\t\t\t<\/div>\n\t\t\t\t<\/div>\n\t\t\t\t<div class=\"elementor-element elementor-element-3466f4c elementor-widget elementor-widget-button\" data-id=\"3466f4c\" data-element_type=\"widget\" data-e-type=\"widget\" data-widget_type=\"button.default\">\n\t\t\t\t<div class=\"elementor-widget-container\">\n\t\t\t\t\t\t\t\t\t<div class=\"elementor-button-wrapper\">\n\t\t\t\t\t<a class=\"elementor-button elementor-button-link elementor-size-lg elementor-animation-float\" href=\"https:\/\/www.sis-solutions.com\/it\/contatto\/\">\n\t\t\t\t\t\t<span class=\"elementor-button-content-wrapper\">\n\t\t\t\t\t\t\t\t\t<span class=\"elementor-button-text\">Contattaci<\/span>\n\t\t\t\t\t<\/span>\n\t\t\t\t\t<\/a>\n\t\t\t\t<\/div>\n\t\t\t\t\t\t\t\t<\/div>\n\t\t\t\t<\/div>\n\t\t\t\t\t<\/div>\n\t\t<\/div>\n\t\t\t\t\t<\/div>\n\t\t<\/section>\n\t\t\t\t<\/div>\n\t\t","protected":false},"excerpt":{"rendered":"<p>cadenajoven moncredit minceur coudene croze creuse chirripo asceacad bayscomenergy littleacresranch rightclicksolutions willardgloballinks euroscotrecruitment Partenariati Alleanza WIZE Un&#8217;associazione professionale internazionale, per promuovere l&#8217;Internet delle cose (IdC) L&#8217;alleanza WIZE \u00e8 stata creata nel 2017 da GRDF, Suez e Sagemcom per promuovere l&#8217;adozione dell&#8217;omonima rete IdC nel mondo dell&#8217;industria e dei servizi pubblici urbani. Questa associazione senza fini &#8230; <a title=\"Alleanza WIZE\" class=\"read-more\" href=\"https:\/\/www.sis-solutions.com\/it\/alleanza-wize\/\" aria-label=\"Read more about Alleanza WIZE\">Leggi tutto<\/a><\/p>\n","protected":false},"author":1,"featured_media":0,"parent":0,"menu_order":0,"comment_status":"closed","ping_status":"closed","template":"","meta":{"_acf_changed":false,"footnotes":""},"class_list":["post-6378","page","type-page","status-publish"],"acf":[],"yoast_head":"<!-- This site is optimized with the Yoast SEO plugin v27.3 - https:\/\/yoast.com\/product\/yoast-seo-wordpress\/ -->\n<title>Un&#039;associazione professionale internazionale, per promuovere l&#039;IdC<\/title>\n<meta name=\"description\" content=\"cadenajovenmoncreditminceurcoudenecroze\" \/>\n<meta name=\"robots\" content=\"index, follow, max-snippet:-1, max-image-preview:large, max-video-preview:-1\" \/>\n<link rel=\"canonical\" href=\"https:\/\/www.sis-solutions.com\/it\/alleanza-wize\/\" \/>\n<meta property=\"og:locale\" content=\"it_IT\" \/>\n<meta property=\"og:type\" content=\"article\" \/>\n<meta property=\"og:title\" content=\"Un&#039;associazione professionale internazionale, per promuovere l&#039;IdC\" \/>\n<meta property=\"og:description\" content=\"cadenajovenmoncreditminceurcoudenecroze\" \/>\n<meta property=\"og:url\" content=\"https:\/\/www.sis-solutions.com\/it\/alleanza-wize\/\" \/>\n<meta property=\"og:site_name\" content=\"SIS\" \/>\n<meta property=\"article:modified_time\" content=\"2021-12-13T14:39:09+00:00\" \/>\n<meta property=\"og:image\" content=\"https:\/\/www.sis-solutions.com\/wp-content\/uploads\/2021\/09\/Wize-Alliance-Logo-blue-768x291.png\" \/>\n<meta name=\"twitter:card\" content=\"summary_large_image\" \/>\n<meta name=\"twitter:label1\" content=\"Tempo di lettura stimato\" \/>\n\t<meta name=\"twitter:data1\" content=\"2 minutes\" \/>\n<script type=\"application\/ld+json\" class=\"yoast-schema-graph\">{\"@context\":\"https:\\\/\\\/schema.org\",\"@graph\":[{\"@type\":\"WebPage\",\"@id\":\"https:\\\/\\\/www.sis-solutions.com\\\/it\\\/alleanza-wize\\\/\",\"url\":\"https:\\\/\\\/www.sis-solutions.com\\\/it\\\/alleanza-wize\\\/\",\"name\":\"Un'associazione professionale internazionale, per promuovere l'IdC\",\"isPartOf\":{\"@id\":\"https:\\\/\\\/www.sis-solutions.com\\\/it\\\/#website\"},\"primaryImageOfPage\":{\"@id\":\"https:\\\/\\\/www.sis-solutions.com\\\/it\\\/alleanza-wize\\\/#primaryimage\"},\"image\":{\"@id\":\"https:\\\/\\\/www.sis-solutions.com\\\/it\\\/alleanza-wize\\\/#primaryimage\"},\"thumbnailUrl\":\"https:\\\/\\\/www.sis-solutions.com\\\/wp-content\\\/uploads\\\/2021\\\/09\\\/Wize-Alliance-Logo-blue-768x291.png\",\"datePublished\":\"2021-09-16T13:55:17+00:00\",\"dateModified\":\"2021-12-13T14:39:09+00:00\",\"description\":\"cadenajovenmoncreditminceurcoudenecroze\",\"breadcrumb\":{\"@id\":\"https:\\\/\\\/www.sis-solutions.com\\\/it\\\/alleanza-wize\\\/#breadcrumb\"},\"inLanguage\":\"it-IT\",\"potentialAction\":[{\"@type\":\"ReadAction\",\"target\":[\"https:\\\/\\\/www.sis-solutions.com\\\/it\\\/alleanza-wize\\\/\"]}]},{\"@type\":\"ImageObject\",\"inLanguage\":\"it-IT\",\"@id\":\"https:\\\/\\\/www.sis-solutions.com\\\/it\\\/alleanza-wize\\\/#primaryimage\",\"url\":\"https:\\\/\\\/www.sis-solutions.com\\\/wp-content\\\/uploads\\\/2021\\\/09\\\/Wize-Alliance-Logo-blue-768x291.png\",\"contentUrl\":\"https:\\\/\\\/www.sis-solutions.com\\\/wp-content\\\/uploads\\\/2021\\\/09\\\/Wize-Alliance-Logo-blue-768x291.png\"},{\"@type\":\"BreadcrumbList\",\"@id\":\"https:\\\/\\\/www.sis-solutions.com\\\/it\\\/alleanza-wize\\\/#breadcrumb\",\"itemListElement\":[{\"@type\":\"ListItem\",\"position\":1,\"name\":\"Accueil\",\"item\":\"https:\\\/\\\/www.sis-solutions.com\\\/it\\\/\"},{\"@type\":\"ListItem\",\"position\":2,\"name\":\"Alleanza WIZE\"}]},{\"@type\":\"WebSite\",\"@id\":\"https:\\\/\\\/www.sis-solutions.com\\\/it\\\/#website\",\"url\":\"https:\\\/\\\/www.sis-solutions.com\\\/it\\\/\",\"name\":\"SIS\",\"description\":\"Solutions pour la Supervision des R\u00e9seaux d\u2019Energie\",\"publisher\":{\"@id\":\"https:\\\/\\\/www.sis-solutions.com\\\/it\\\/#organization\"},\"potentialAction\":[{\"@type\":\"SearchAction\",\"target\":{\"@type\":\"EntryPoint\",\"urlTemplate\":\"https:\\\/\\\/www.sis-solutions.com\\\/it\\\/?s={search_term_string}\"},\"query-input\":{\"@type\":\"PropertyValueSpecification\",\"valueRequired\":true,\"valueName\":\"search_term_string\"}}],\"inLanguage\":\"it-IT\"},{\"@type\":\"Organization\",\"@id\":\"https:\\\/\\\/www.sis-solutions.com\\\/it\\\/#organization\",\"name\":\"SIS\",\"url\":\"https:\\\/\\\/www.sis-solutions.com\\\/it\\\/\",\"logo\":{\"@type\":\"ImageObject\",\"inLanguage\":\"it-IT\",\"@id\":\"https:\\\/\\\/www.sis-solutions.com\\\/it\\\/#\\\/schema\\\/logo\\\/image\\\/\",\"url\":\"https:\\\/\\\/www.sis-solutions.com\\\/wp-content\\\/uploads\\\/2021\\\/09\\\/sis-logo_SIS_full_color.svg\",\"contentUrl\":\"https:\\\/\\\/www.sis-solutions.com\\\/wp-content\\\/uploads\\\/2021\\\/09\\\/sis-logo_SIS_full_color.svg\",\"width\":49,\"height\":22,\"caption\":\"SIS\"},\"image\":{\"@id\":\"https:\\\/\\\/www.sis-solutions.com\\\/it\\\/#\\\/schema\\\/logo\\\/image\\\/\"}}]}<\/script>\n<!-- \/ Yoast SEO plugin. -->","yoast_head_json":{"title":"Un'associazione professionale internazionale, per promuovere l'IdC","description":"cadenajovenmoncreditminceurcoudenecroze","robots":{"index":"index","follow":"follow","max-snippet":"max-snippet:-1","max-image-preview":"max-image-preview:large","max-video-preview":"max-video-preview:-1"},"canonical":"https:\/\/www.sis-solutions.com\/it\/alleanza-wize\/","og_locale":"it_IT","og_type":"article","og_title":"Un'associazione professionale internazionale, per promuovere l'IdC","og_description":"cadenajovenmoncreditminceurcoudenecroze","og_url":"https:\/\/www.sis-solutions.com\/it\/alleanza-wize\/","og_site_name":"SIS","article_modified_time":"2021-12-13T14:39:09+00:00","og_image":[{"url":"https:\/\/www.sis-solutions.com\/wp-content\/uploads\/2021\/09\/Wize-Alliance-Logo-blue-768x291.png","type":"","width":"","height":""}],"twitter_card":"summary_large_image","twitter_misc":{"Tempo di lettura stimato":"2 minutes"},"schema":{"@context":"https:\/\/schema.org","@graph":[{"@type":"WebPage","@id":"https:\/\/www.sis-solutions.com\/it\/alleanza-wize\/","url":"https:\/\/www.sis-solutions.com\/it\/alleanza-wize\/","name":"Un'associazione professionale internazionale, per promuovere l'IdC","isPartOf":{"@id":"https:\/\/www.sis-solutions.com\/it\/#website"},"primaryImageOfPage":{"@id":"https:\/\/www.sis-solutions.com\/it\/alleanza-wize\/#primaryimage"},"image":{"@id":"https:\/\/www.sis-solutions.com\/it\/alleanza-wize\/#primaryimage"},"thumbnailUrl":"https:\/\/www.sis-solutions.com\/wp-content\/uploads\/2021\/09\/Wize-Alliance-Logo-blue-768x291.png","datePublished":"2021-09-16T13:55:17+00:00","dateModified":"2021-12-13T14:39:09+00:00","description":"cadenajovenmoncreditminceurcoudenecroze","breadcrumb":{"@id":"https:\/\/www.sis-solutions.com\/it\/alleanza-wize\/#breadcrumb"},"inLanguage":"it-IT","potentialAction":[{"@type":"ReadAction","target":["https:\/\/www.sis-solutions.com\/it\/alleanza-wize\/"]}]},{"@type":"ImageObject","inLanguage":"it-IT","@id":"https:\/\/www.sis-solutions.com\/it\/alleanza-wize\/#primaryimage","url":"https:\/\/www.sis-solutions.com\/wp-content\/uploads\/2021\/09\/Wize-Alliance-Logo-blue-768x291.png","contentUrl":"https:\/\/www.sis-solutions.com\/wp-content\/uploads\/2021\/09\/Wize-Alliance-Logo-blue-768x291.png"},{"@type":"BreadcrumbList","@id":"https:\/\/www.sis-solutions.com\/it\/alleanza-wize\/#breadcrumb","itemListElement":[{"@type":"ListItem","position":1,"name":"Accueil","item":"https:\/\/www.sis-solutions.com\/it\/"},{"@type":"ListItem","position":2,"name":"Alleanza WIZE"}]},{"@type":"WebSite","@id":"https:\/\/www.sis-solutions.com\/it\/#website","url":"https:\/\/www.sis-solutions.com\/it\/","name":"SIS","description":"Solutions pour la Supervision des R\u00e9seaux d\u2019Energie","publisher":{"@id":"https:\/\/www.sis-solutions.com\/it\/#organization"},"potentialAction":[{"@type":"SearchAction","target":{"@type":"EntryPoint","urlTemplate":"https:\/\/www.sis-solutions.com\/it\/?s={search_term_string}"},"query-input":{"@type":"PropertyValueSpecification","valueRequired":true,"valueName":"search_term_string"}}],"inLanguage":"it-IT"},{"@type":"Organization","@id":"https:\/\/www.sis-solutions.com\/it\/#organization","name":"SIS","url":"https:\/\/www.sis-solutions.com\/it\/","logo":{"@type":"ImageObject","inLanguage":"it-IT","@id":"https:\/\/www.sis-solutions.com\/it\/#\/schema\/logo\/image\/","url":"https:\/\/www.sis-solutions.com\/wp-content\/uploads\/2021\/09\/sis-logo_SIS_full_color.svg","contentUrl":"https:\/\/www.sis-solutions.com\/wp-content\/uploads\/2021\/09\/sis-logo_SIS_full_color.svg","width":49,"height":22,"caption":"SIS"},"image":{"@id":"https:\/\/www.sis-solutions.com\/it\/#\/schema\/logo\/image\/"}}]}},"_links":{"self":[{"href":"https:\/\/www.sis-solutions.com\/it\/wp-json\/wp\/v2\/pages\/6378","targetHints":{"allow":["GET"]}}],"collection":[{"href":"https:\/\/www.sis-solutions.com\/it\/wp-json\/wp\/v2\/pages"}],"about":[{"href":"https:\/\/www.sis-solutions.com\/it\/wp-json\/wp\/v2\/types\/page"}],"author":[{"embeddable":true,"href":"https:\/\/www.sis-solutions.com\/it\/wp-json\/wp\/v2\/users\/1"}],"replies":[{"embeddable":true,"href":"https:\/\/www.sis-solutions.com\/it\/wp-json\/wp\/v2\/comments?post=6378"}],"version-history":[{"count":8,"href":"https:\/\/www.sis-solutions.com\/it\/wp-json\/wp\/v2\/pages\/6378\/revisions"}],"predecessor-version":[{"id":6440,"href":"https:\/\/www.sis-solutions.com\/it\/wp-json\/wp\/v2\/pages\/6378\/revisions\/6440"}],"wp:attachment":[{"href":"https:\/\/www.sis-solutions.com\/it\/wp-json\/wp\/v2\/media?parent=6378"}],"curies":[{"name":"wp","href":"https:\/\/api.w.org\/{rel}","templated":true}]}}