{"id":6366,"date":"2021-09-09T17:01:19","date_gmt":"2021-09-09T15:01:19","guid":{"rendered":"https:\/\/www.sis-solutions.com\/nos-valeurs\/"},"modified":"2025-04-10T17:00:20","modified_gmt":"2025-04-10T15:00:20","slug":"i-nostri-valori","status":"publish","type":"page","link":"https:\/\/www.sis-solutions.com\/it\/i-nostri-valori\/","title":{"rendered":"I nostri valori"},"content":{"rendered":"\t\t<div data-elementor-type=\"wp-page\" data-elementor-id=\"6366\" class=\"elementor elementor-6366 elementor-713\" data-elementor-post-type=\"page\">\n\t\t\t\t\t\t<section class=\"elementor-section elementor-top-section elementor-element elementor-element-3e8644d0 elementor-section-height-min-height elementor-section-boxed elementor-section-height-default elementor-section-items-middle\" data-id=\"3e8644d0\" data-element_type=\"section\" data-e-type=\"section\" data-settings=\"{&quot;background_background&quot;:&quot;classic&quot;}\">\n\t\t\t\t\t\t\t<div class=\"elementor-background-overlay\"><\/div>\n\t\t\t\t\t\t\t<div class=\"elementor-container elementor-column-gap-default\">\n\t\t\t\t\t<div class=\"elementor-column elementor-col-100 elementor-top-column elementor-element elementor-element-7ab63e29\" data-id=\"7ab63e29\" data-element_type=\"column\" data-e-type=\"column\">\n\t\t\t<div class=\"elementor-widget-wrap elementor-element-populated\">\n\t\t\t\t\t\t<div class=\"elementor-element elementor-element-4055015d elementor-widget elementor-widget-heading\" data-id=\"4055015d\" data-element_type=\"widget\" data-e-type=\"widget\" data-widget_type=\"heading.default\">\n\t\t\t\t<div class=\"elementor-widget-container\">\n\t\t\t\t\t<p class=\"elementor-heading-title elementor-size-default\">Impresa<\/p>\t\t\t\t<\/div>\n\t\t\t\t<\/div>\n\t\t\t\t<div class=\"elementor-element elementor-element-161bba34 elementor-widget elementor-widget-heading\" data-id=\"161bba34\" data-element_type=\"widget\" data-e-type=\"widget\" data-widget_type=\"heading.default\">\n\t\t\t\t<div class=\"elementor-widget-container\">\n\t\t\t\t\t<h1 class=\"elementor-heading-title elementor-size-default\">I nostri valori<\/h1>\t\t\t\t<\/div>\n\t\t\t\t<\/div>\n\t\t\t\t\t<\/div>\n\t\t<\/div>\n\t\t\t\t\t<\/div>\n\t\t<\/section>\n\t\t\t\t<section class=\"elementor-section elementor-top-section elementor-element elementor-element-276900b elementor-section-boxed elementor-section-height-default elementor-section-height-default\" data-id=\"276900b\" data-element_type=\"section\" data-e-type=\"section\">\n\t\t\t\t\t\t<div class=\"elementor-container elementor-column-gap-default\">\n\t\t\t\t\t<div class=\"elementor-column elementor-col-100 elementor-top-column elementor-element elementor-element-ff7dabb\" data-id=\"ff7dabb\" data-element_type=\"column\" data-e-type=\"column\">\n\t\t\t<div class=\"elementor-widget-wrap elementor-element-populated\">\n\t\t\t\t\t\t<div class=\"elementor-element elementor-element-2127368 elementor-widget elementor-widget-heading\" data-id=\"2127368\" data-element_type=\"widget\" data-e-type=\"widget\" data-widget_type=\"heading.default\">\n\t\t\t\t<div class=\"elementor-widget-container\">\n\t\t\t\t\t<h2 class=\"elementor-heading-title elementor-size-default\">Intraprendere diversamente<\/h2>\t\t\t\t<\/div>\n\t\t\t\t<\/div>\n\t\t\t\t\t<\/div>\n\t\t<\/div>\n\t\t\t\t\t<\/div>\n\t\t<\/section>\n\t\t\t\t<section class=\"elementor-section elementor-top-section elementor-element elementor-element-3c2524c elementor-section-content-middle elementor-section-boxed elementor-section-height-default elementor-section-height-default\" data-id=\"3c2524c\" data-element_type=\"section\" data-e-type=\"section\">\n\t\t\t\t\t\t<div class=\"elementor-container elementor-column-gap-default\">\n\t\t\t\t\t<div class=\"elementor-column elementor-col-50 elementor-top-column elementor-element elementor-element-7b451df\" data-id=\"7b451df\" data-element_type=\"column\" data-e-type=\"column\">\n\t\t\t<div class=\"elementor-widget-wrap elementor-element-populated\">\n\t\t\t\t\t\t<div class=\"elementor-element elementor-element-2b62393 elementor-widget elementor-widget-heading\" data-id=\"2b62393\" data-element_type=\"widget\" data-e-type=\"widget\" data-widget_type=\"heading.default\">\n\t\t\t\t<div class=\"elementor-widget-container\">\n\t\t\t\t\t<h3 class=\"elementor-heading-title elementor-size-default\">SIS ha scelto uno status giuridico che incarna i valori umani e sociali: lo SCOP (societ\u00e0 cooperativa)<\/h3>\t\t\t\t<\/div>\n\t\t\t\t<\/div>\n\t\t\t\t<div class=\"elementor-element elementor-element-bdb79d4 elementor-widget elementor-widget-text-editor\" data-id=\"bdb79d4\" data-element_type=\"widget\" data-e-type=\"widget\" data-widget_type=\"text-editor.default\">\n\t\t\t\t<div class=\"elementor-widget-container\">\n\t\t\t\t\t\t\t\t\t<p>Ci\u00f2 significa che siamo una societ\u00e0 che appartiene ai suoi dipendenti. \u00c8 per lei :<\/p><ul><li>La promessa di un impegno volontario e solido<\/li><li>Un funzionamento basato sulla governance democratica: la voce di tutti conta<\/li><li>Una relazione sana e affidabile con il cliente: il primato dell&#8217;interesse collettivo sull&#8217;interesse individuale<\/li><\/ul>\t\t\t\t\t\t\t\t<\/div>\n\t\t\t\t<\/div>\n\t\t\t\t\t<\/div>\n\t\t<\/div>\n\t\t\t\t<div class=\"elementor-column elementor-col-50 elementor-top-column elementor-element elementor-element-65aad20\" data-id=\"65aad20\" data-element_type=\"column\" data-e-type=\"column\">\n\t\t\t<div class=\"elementor-widget-wrap elementor-element-populated\">\n\t\t\t\t\t\t<div class=\"elementor-element elementor-element-89a7441 elementor-widget elementor-widget-image\" data-id=\"89a7441\" data-element_type=\"widget\" data-e-type=\"widget\" data-widget_type=\"image.default\">\n\t\t\t\t<div class=\"elementor-widget-container\">\n\t\t\t\t\t\t\t\t\t\t\t\t\t\t\t<img fetchpriority=\"high\" decoding=\"async\" width=\"768\" height=\"845\" src=\"https:\/\/www.sis-solutions.com\/wp-content\/uploads\/2021\/09\/entreprendre-autrement-768x845.png\" class=\"attachment-medium_large size-medium_large wp-image-1908\" alt=\"Entreprendre autrement\" srcset=\"https:\/\/www.sis-solutions.com\/wp-content\/uploads\/2021\/09\/entreprendre-autrement-768x845.png 768w, https:\/\/www.sis-solutions.com\/wp-content\/uploads\/2021\/09\/entreprendre-autrement-273x300.png 273w, https:\/\/www.sis-solutions.com\/wp-content\/uploads\/2021\/09\/entreprendre-autrement.png 800w\" sizes=\"(max-width: 768px) 100vw, 768px\" \/>\t\t\t\t\t\t\t\t\t\t\t\t\t\t\t<\/div>\n\t\t\t\t<\/div>\n\t\t\t\t\t<\/div>\n\t\t<\/div>\n\t\t\t\t\t<\/div>\n\t\t<\/section>\n\t\t\t\t<section class=\"elementor-section elementor-top-section elementor-element elementor-element-704a215 elementor-section-height-min-height elementor-section-boxed elementor-section-height-default elementor-section-items-middle\" data-id=\"704a215\" data-element_type=\"section\" data-e-type=\"section\" data-settings=\"{&quot;background_background&quot;:&quot;gradient&quot;}\">\n\t\t\t\t\t\t<div class=\"elementor-container elementor-column-gap-default\">\n\t\t\t\t\t<div class=\"elementor-column elementor-col-100 elementor-top-column elementor-element elementor-element-1841516\" data-id=\"1841516\" data-element_type=\"column\" data-e-type=\"column\">\n\t\t\t<div class=\"elementor-widget-wrap elementor-element-populated\">\n\t\t\t\t\t\t<section class=\"elementor-section elementor-inner-section elementor-element elementor-element-d33473a elementor-section-boxed elementor-section-height-default elementor-section-height-default\" data-id=\"d33473a\" data-element_type=\"section\" data-e-type=\"section\">\n\t\t\t\t\t\t<div class=\"elementor-container elementor-column-gap-default\">\n\t\t\t\t\t<div class=\"elementor-column elementor-col-100 elementor-inner-column elementor-element elementor-element-4fbe09d\" data-id=\"4fbe09d\" data-element_type=\"column\" data-e-type=\"column\">\n\t\t\t<div class=\"elementor-widget-wrap elementor-element-populated\">\n\t\t\t\t\t\t<div class=\"elementor-element elementor-element-4223ce7 elementor-widget elementor-widget-heading\" data-id=\"4223ce7\" data-element_type=\"widget\" data-e-type=\"widget\" data-widget_type=\"heading.default\">\n\t\t\t\t<div class=\"elementor-widget-container\">\n\t\t\t\t\t<h2 class=\"elementor-heading-title elementor-size-default\">Valorizzare le persone<\/h2>\t\t\t\t<\/div>\n\t\t\t\t<\/div>\n\t\t\t\t\t<\/div>\n\t\t<\/div>\n\t\t\t\t\t<\/div>\n\t\t<\/section>\n\t\t\t\t<section class=\"elementor-section elementor-inner-section elementor-element elementor-element-391c90e elementor-section-content-middle elementor-section-boxed elementor-section-height-default elementor-section-height-default\" data-id=\"391c90e\" data-element_type=\"section\" data-e-type=\"section\">\n\t\t\t\t\t\t<div class=\"elementor-container elementor-column-gap-default\">\n\t\t\t\t\t<div class=\"elementor-column elementor-col-50 elementor-inner-column elementor-element elementor-element-f564d84\" data-id=\"f564d84\" data-element_type=\"column\" data-e-type=\"column\">\n\t\t\t<div class=\"elementor-widget-wrap elementor-element-populated\">\n\t\t\t\t\t\t<div class=\"elementor-element elementor-element-3d4af56 elementor-widget elementor-widget-image\" data-id=\"3d4af56\" data-element_type=\"widget\" data-e-type=\"widget\" data-widget_type=\"image.default\">\n\t\t\t\t<div class=\"elementor-widget-container\">\n\t\t\t\t\t\t\t\t\t\t\t\t\t\t\t<img decoding=\"async\" width=\"355\" height=\"298\" src=\"https:\/\/www.sis-solutions.com\/wp-content\/uploads\/2021\/09\/Team.svg\" class=\"attachment-large size-large wp-image-4459\" alt=\"\u00e9quipe\" \/>\t\t\t\t\t\t\t\t\t\t\t\t\t\t\t<\/div>\n\t\t\t\t<\/div>\n\t\t\t\t\t<\/div>\n\t\t<\/div>\n\t\t\t\t<div class=\"elementor-column elementor-col-50 elementor-inner-column elementor-element elementor-element-07007c0\" data-id=\"07007c0\" data-element_type=\"column\" data-e-type=\"column\">\n\t\t\t<div class=\"elementor-widget-wrap elementor-element-populated\">\n\t\t\t\t\t\t<div class=\"elementor-element elementor-element-8259528 elementor-widget elementor-widget-heading\" data-id=\"8259528\" data-element_type=\"widget\" data-e-type=\"widget\" data-widget_type=\"heading.default\">\n\t\t\t\t<div class=\"elementor-widget-container\">\n\t\t\t\t\t<h3 class=\"elementor-heading-title elementor-size-default\">Il nostro status di cooperativa ci permette di conciliare crescita economica e benessere dei nostri dipendenti.<\/h3>\t\t\t\t<\/div>\n\t\t\t\t<\/div>\n\t\t\t\t<div class=\"elementor-element elementor-element-4604ca9 elementor-widget elementor-widget-text-editor\" data-id=\"4604ca9\" data-element_type=\"widget\" data-e-type=\"widget\" data-widget_type=\"text-editor.default\">\n\t\t\t\t<div class=\"elementor-widget-container\">\n\t\t\t\t\t\t\t\t\t<p>La combinazione di capitale umano e una strategia coerente e ambiziosa contribuisce allo sviluppo della nostra azienda. \u00c8 una garanzia di fiducia e sicurezza per tutti le parti interessate.<\/p>\t\t\t\t\t\t\t\t<\/div>\n\t\t\t\t<\/div>\n\t\t\t\t<div class=\"elementor-element elementor-element-4890000 elementor-widget elementor-widget-spacer\" data-id=\"4890000\" data-element_type=\"widget\" data-e-type=\"widget\" data-widget_type=\"spacer.default\">\n\t\t\t\t<div class=\"elementor-widget-container\">\n\t\t\t\t\t\t\t<div class=\"elementor-spacer\">\n\t\t\t<div class=\"elementor-spacer-inner\"><\/div>\n\t\t<\/div>\n\t\t\t\t\t\t<\/div>\n\t\t\t\t<\/div>\n\t\t\t\t<div class=\"elementor-element elementor-element-4962a08 elementor-widget elementor-widget-button\" data-id=\"4962a08\" data-element_type=\"widget\" data-e-type=\"widget\" data-widget_type=\"button.default\">\n\t\t\t\t<div class=\"elementor-widget-container\">\n\t\t\t\t\t\t\t\t\t<div class=\"elementor-button-wrapper\">\n\t\t\t\t\t<a class=\"elementor-button elementor-button-link elementor-size-lg elementor-animation-float\" href=\"https:\/\/www.sis-solutions.com\/it\/carriera\/\">\n\t\t\t\t\t\t<span class=\"elementor-button-content-wrapper\">\n\t\t\t\t\t\t\t\t\t<span class=\"elementor-button-text\">Scopri di pi\u00f9 : <br>Carrera e Politica delle Risorse Umane<\/span>\n\t\t\t\t\t<\/span>\n\t\t\t\t\t<\/a>\n\t\t\t\t<\/div>\n\t\t\t\t\t\t\t\t<\/div>\n\t\t\t\t<\/div>\n\t\t\t\t\t<\/div>\n\t\t<\/div>\n\t\t\t\t\t<\/div>\n\t\t<\/section>\n\t\t\t\t\t<\/div>\n\t\t<\/div>\n\t\t\t\t\t<\/div>\n\t\t<\/section>\n\t\t\t\t<section class=\"elementor-section elementor-top-section elementor-element elementor-element-c263967 elementor-section-boxed elementor-section-height-default elementor-section-height-default\" data-id=\"c263967\" data-element_type=\"section\" data-e-type=\"section\">\n\t\t\t\t\t\t<div class=\"elementor-container elementor-column-gap-default\">\n\t\t\t\t\t<div class=\"elementor-column elementor-col-100 elementor-top-column elementor-element elementor-element-1b7278c\" data-id=\"1b7278c\" data-element_type=\"column\" data-e-type=\"column\">\n\t\t\t<div class=\"elementor-widget-wrap elementor-element-populated\">\n\t\t\t\t\t\t<div class=\"elementor-element elementor-element-28bb81e elementor-widget elementor-widget-heading\" data-id=\"28bb81e\" data-element_type=\"widget\" data-e-type=\"widget\" data-widget_type=\"heading.default\">\n\t\t\t\t<div class=\"elementor-widget-container\">\n\t\t\t\t\t<h2 class=\"elementor-heading-title elementor-size-default\">Garantire il \"made in France\"<\/h2>\t\t\t\t<\/div>\n\t\t\t\t<\/div>\n\t\t\t\t\t<\/div>\n\t\t<\/div>\n\t\t\t\t\t<\/div>\n\t\t<\/section>\n\t\t\t\t<section class=\"elementor-section elementor-top-section elementor-element elementor-element-9e7f245 elementor-section-boxed elementor-section-height-default elementor-section-height-default\" data-id=\"9e7f245\" data-element_type=\"section\" data-e-type=\"section\">\n\t\t\t\t\t\t<div class=\"elementor-container elementor-column-gap-default\">\n\t\t\t\t\t<div class=\"elementor-column elementor-col-50 elementor-top-column elementor-element elementor-element-ffd62e8\" data-id=\"ffd62e8\" data-element_type=\"column\" data-e-type=\"column\">\n\t\t\t<div class=\"elementor-widget-wrap elementor-element-populated\">\n\t\t\t\t\t\t<div class=\"elementor-element elementor-element-e533e1b elementor-hidden-tablet elementor-hidden-mobile elementor-widget elementor-widget-spacer\" data-id=\"e533e1b\" data-element_type=\"widget\" data-e-type=\"widget\" data-widget_type=\"spacer.default\">\n\t\t\t\t<div class=\"elementor-widget-container\">\n\t\t\t\t\t\t\t<div class=\"elementor-spacer\">\n\t\t\t<div class=\"elementor-spacer-inner\"><\/div>\n\t\t<\/div>\n\t\t\t\t\t\t<\/div>\n\t\t\t\t<\/div>\n\t\t\t\t<div class=\"elementor-element elementor-element-b796392 elementor-widget elementor-widget-heading\" data-id=\"b796392\" data-element_type=\"widget\" data-e-type=\"widget\" data-widget_type=\"heading.default\">\n\t\t\t\t<div class=\"elementor-widget-container\">\n\t\t\t\t\t<h3 class=\"elementor-heading-title elementor-size-default\">Tutte le nostre soluzioni sono progettate e sviluppate ad Aubagne, in Francia.<\/h3>\t\t\t\t<\/div>\n\t\t\t\t<\/div>\n\t\t\t\t<div class=\"elementor-element elementor-element-1c74716 elementor-widget elementor-widget-text-editor\" data-id=\"1c74716\" data-element_type=\"widget\" data-e-type=\"widget\" data-widget_type=\"text-editor.default\">\n\t\t\t\t<div class=\"elementor-widget-container\">\n\t\t\t\t\t\t\t\t\t<p>Produciamo i nostri prodotti nella nostra fabbrica e lavoriamo a stretto contatto con subappaltatori francesi.<\/p><p>Abbiamo scelto il \u201cmade in France\u201d per preservare i posti di lavoro e sostenere l&#8217;economia nazionale. Questa vicinanza ai nostri subappaltatori e ai nostri fornitori ci assicura una qualit\u00e0 innegabile e limita il nostro impatto ambientale.<\/p>\t\t\t\t\t\t\t\t<\/div>\n\t\t\t\t<\/div>\n\t\t\t\t<div class=\"elementor-element elementor-element-f49f567 elementor-widget elementor-widget-button\" data-id=\"f49f567\" data-element_type=\"widget\" data-e-type=\"widget\" data-widget_type=\"button.default\">\n\t\t\t\t<div class=\"elementor-widget-container\">\n\t\t\t\t\t\t\t\t\t<div class=\"elementor-button-wrapper\">\n\t\t\t\t\t<a class=\"elementor-button elementor-button-link elementor-size-lg elementor-animation-float\" href=\"https:\/\/www.sis-solutions.com\/it\/i-nostri-impegni\/\">\n\t\t\t\t\t\t<span class=\"elementor-button-content-wrapper\">\n\t\t\t\t\t\t\t\t\t<span class=\"elementor-button-text\">Scopri di pi\u00f9 : <br>Nostro impegno CSR<\/span>\n\t\t\t\t\t<\/span>\n\t\t\t\t\t<\/a>\n\t\t\t\t<\/div>\n\t\t\t\t\t\t\t\t<\/div>\n\t\t\t\t<\/div>\n\t\t\t\t\t<\/div>\n\t\t<\/div>\n\t\t\t\t<div class=\"elementor-column elementor-col-50 elementor-top-column elementor-element elementor-element-25b078d\" data-id=\"25b078d\" data-element_type=\"column\" data-e-type=\"column\">\n\t\t\t<div class=\"elementor-widget-wrap elementor-element-populated\">\n\t\t\t\t\t\t<div class=\"elementor-element elementor-element-f078c60 elementor-widget elementor-widget-image\" data-id=\"f078c60\" data-element_type=\"widget\" data-e-type=\"widget\" data-widget_type=\"image.default\">\n\t\t\t\t<div class=\"elementor-widget-container\">\n\t\t\t\t\t\t\t\t\t\t\t\t\t\t\t<img decoding=\"async\" width=\"400\" height=\"383\" src=\"https:\/\/www.sis-solutions.com\/wp-content\/uploads\/2025\/04\/FranceMAP2025-1.svg\" class=\"attachment-full size-full wp-image-6990\" alt=\"\" \/>\t\t\t\t\t\t\t\t\t\t\t\t\t\t\t<\/div>\n\t\t\t\t<\/div>\n\t\t\t\t\t<\/div>\n\t\t<\/div>\n\t\t\t\t\t<\/div>\n\t\t<\/section>\n\t\t\t\t<\/div>\n\t\t","protected":false},"excerpt":{"rendered":"<p>cadenajoven moncredit minceur coudene croze creuse chirripo asceacad bayscomenergy littleacresranch rightclicksolutions willardgloballinks euroscotrecruitment Impresa I nostri valori Intraprendere diversamente SIS ha scelto uno status giuridico che incarna i valori umani e sociali: lo SCOP (societ\u00e0 cooperativa) Ci\u00f2 significa che siamo una societ\u00e0 che appartiene ai suoi dipendenti. \u00c8 per lei : La promessa di un &#8230; <a title=\"I nostri valori\" class=\"read-more\" href=\"https:\/\/www.sis-solutions.com\/it\/i-nostri-valori\/\" aria-label=\"Read more about I nostri valori\">Leggi tutto<\/a><\/p>\n","protected":false},"author":1,"featured_media":0,"parent":0,"menu_order":0,"comment_status":"closed","ping_status":"closed","template":"elementor_header_footer","meta":{"_acf_changed":false,"footnotes":""},"class_list":["post-6366","page","type-page","status-publish"],"acf":[],"yoast_head":"<!-- This site is optimized with the Yoast SEO plugin v27.3 - https:\/\/yoast.com\/product\/yoast-seo-wordpress\/ -->\n<title>Nostri valori | SIS<\/title>\n<meta name=\"description\" content=\"SIS ha scelto uno status giuridico che incarna i valori umani e sociali.\" \/>\n<meta name=\"robots\" content=\"index, follow, max-snippet:-1, max-image-preview:large, max-video-preview:-1\" \/>\n<link rel=\"canonical\" href=\"https:\/\/www.sis-solutions.com\/it\/i-nostri-valori\/\" \/>\n<meta property=\"og:locale\" content=\"it_IT\" \/>\n<meta property=\"og:type\" content=\"article\" \/>\n<meta property=\"og:title\" content=\"Nostri valori | SIS\" \/>\n<meta property=\"og:description\" content=\"SIS ha scelto uno status giuridico che incarna i valori umani e sociali.\" \/>\n<meta property=\"og:url\" content=\"https:\/\/www.sis-solutions.com\/it\/i-nostri-valori\/\" \/>\n<meta property=\"og:site_name\" content=\"SIS\" \/>\n<meta property=\"article:modified_time\" content=\"2025-04-10T15:00:20+00:00\" \/>\n<meta property=\"og:image\" content=\"https:\/\/www.sis-solutions.com\/wp-content\/uploads\/2021\/09\/entreprendre-autrement.png\" \/>\n\t<meta property=\"og:image:width\" content=\"800\" \/>\n\t<meta property=\"og:image:height\" content=\"880\" \/>\n\t<meta property=\"og:image:type\" content=\"image\/png\" \/>\n<meta name=\"twitter:card\" content=\"summary_large_image\" \/>\n<meta name=\"twitter:label1\" content=\"Tempo di lettura stimato\" \/>\n\t<meta name=\"twitter:data1\" content=\"2 minutes\" \/>\n<script type=\"application\/ld+json\" class=\"yoast-schema-graph\">{\"@context\":\"https:\\\/\\\/schema.org\",\"@graph\":[{\"@type\":\"WebPage\",\"@id\":\"https:\\\/\\\/www.sis-solutions.com\\\/it\\\/i-nostri-valori\\\/\",\"url\":\"https:\\\/\\\/www.sis-solutions.com\\\/it\\\/i-nostri-valori\\\/\",\"name\":\"Nostri valori | SIS\",\"isPartOf\":{\"@id\":\"https:\\\/\\\/www.sis-solutions.com\\\/it\\\/#website\"},\"primaryImageOfPage\":{\"@id\":\"https:\\\/\\\/www.sis-solutions.com\\\/it\\\/i-nostri-valori\\\/#primaryimage\"},\"image\":{\"@id\":\"https:\\\/\\\/www.sis-solutions.com\\\/it\\\/i-nostri-valori\\\/#primaryimage\"},\"thumbnailUrl\":\"https:\\\/\\\/www.sis-solutions.com\\\/wp-content\\\/uploads\\\/2021\\\/09\\\/entreprendre-autrement-768x845.png\",\"datePublished\":\"2021-09-09T15:01:19+00:00\",\"dateModified\":\"2025-04-10T15:00:20+00:00\",\"description\":\"SIS ha scelto uno status giuridico che incarna i valori umani e sociali.\",\"breadcrumb\":{\"@id\":\"https:\\\/\\\/www.sis-solutions.com\\\/it\\\/i-nostri-valori\\\/#breadcrumb\"},\"inLanguage\":\"it-IT\",\"potentialAction\":[{\"@type\":\"ReadAction\",\"target\":[\"https:\\\/\\\/www.sis-solutions.com\\\/it\\\/i-nostri-valori\\\/\"]}]},{\"@type\":\"ImageObject\",\"inLanguage\":\"it-IT\",\"@id\":\"https:\\\/\\\/www.sis-solutions.com\\\/it\\\/i-nostri-valori\\\/#primaryimage\",\"url\":\"https:\\\/\\\/www.sis-solutions.com\\\/wp-content\\\/uploads\\\/2021\\\/09\\\/entreprendre-autrement-768x845.png\",\"contentUrl\":\"https:\\\/\\\/www.sis-solutions.com\\\/wp-content\\\/uploads\\\/2021\\\/09\\\/entreprendre-autrement-768x845.png\"},{\"@type\":\"BreadcrumbList\",\"@id\":\"https:\\\/\\\/www.sis-solutions.com\\\/it\\\/i-nostri-valori\\\/#breadcrumb\",\"itemListElement\":[{\"@type\":\"ListItem\",\"position\":1,\"name\":\"Accueil\",\"item\":\"https:\\\/\\\/www.sis-solutions.com\\\/it\\\/\"},{\"@type\":\"ListItem\",\"position\":2,\"name\":\"I nostri valori\"}]},{\"@type\":\"WebSite\",\"@id\":\"https:\\\/\\\/www.sis-solutions.com\\\/it\\\/#website\",\"url\":\"https:\\\/\\\/www.sis-solutions.com\\\/it\\\/\",\"name\":\"SIS\",\"description\":\"Solutions pour la Supervision des R\u00e9seaux d\u2019Energie\",\"publisher\":{\"@id\":\"https:\\\/\\\/www.sis-solutions.com\\\/it\\\/#organization\"},\"potentialAction\":[{\"@type\":\"SearchAction\",\"target\":{\"@type\":\"EntryPoint\",\"urlTemplate\":\"https:\\\/\\\/www.sis-solutions.com\\\/it\\\/?s={search_term_string}\"},\"query-input\":{\"@type\":\"PropertyValueSpecification\",\"valueRequired\":true,\"valueName\":\"search_term_string\"}}],\"inLanguage\":\"it-IT\"},{\"@type\":\"Organization\",\"@id\":\"https:\\\/\\\/www.sis-solutions.com\\\/it\\\/#organization\",\"name\":\"SIS\",\"url\":\"https:\\\/\\\/www.sis-solutions.com\\\/it\\\/\",\"logo\":{\"@type\":\"ImageObject\",\"inLanguage\":\"it-IT\",\"@id\":\"https:\\\/\\\/www.sis-solutions.com\\\/it\\\/#\\\/schema\\\/logo\\\/image\\\/\",\"url\":\"https:\\\/\\\/www.sis-solutions.com\\\/wp-content\\\/uploads\\\/2021\\\/09\\\/sis-logo_SIS_full_color.svg\",\"contentUrl\":\"https:\\\/\\\/www.sis-solutions.com\\\/wp-content\\\/uploads\\\/2021\\\/09\\\/sis-logo_SIS_full_color.svg\",\"width\":49,\"height\":22,\"caption\":\"SIS\"},\"image\":{\"@id\":\"https:\\\/\\\/www.sis-solutions.com\\\/it\\\/#\\\/schema\\\/logo\\\/image\\\/\"}}]}<\/script>\n<!-- \/ Yoast SEO plugin. -->","yoast_head_json":{"title":"Nostri valori | SIS","description":"SIS ha scelto uno status giuridico che incarna i valori umani e sociali.","robots":{"index":"index","follow":"follow","max-snippet":"max-snippet:-1","max-image-preview":"max-image-preview:large","max-video-preview":"max-video-preview:-1"},"canonical":"https:\/\/www.sis-solutions.com\/it\/i-nostri-valori\/","og_locale":"it_IT","og_type":"article","og_title":"Nostri valori | SIS","og_description":"SIS ha scelto uno status giuridico che incarna i valori umani e sociali.","og_url":"https:\/\/www.sis-solutions.com\/it\/i-nostri-valori\/","og_site_name":"SIS","article_modified_time":"2025-04-10T15:00:20+00:00","og_image":[{"width":800,"height":880,"url":"https:\/\/www.sis-solutions.com\/wp-content\/uploads\/2021\/09\/entreprendre-autrement.png","type":"image\/png"}],"twitter_card":"summary_large_image","twitter_misc":{"Tempo di lettura stimato":"2 minutes"},"schema":{"@context":"https:\/\/schema.org","@graph":[{"@type":"WebPage","@id":"https:\/\/www.sis-solutions.com\/it\/i-nostri-valori\/","url":"https:\/\/www.sis-solutions.com\/it\/i-nostri-valori\/","name":"Nostri valori | SIS","isPartOf":{"@id":"https:\/\/www.sis-solutions.com\/it\/#website"},"primaryImageOfPage":{"@id":"https:\/\/www.sis-solutions.com\/it\/i-nostri-valori\/#primaryimage"},"image":{"@id":"https:\/\/www.sis-solutions.com\/it\/i-nostri-valori\/#primaryimage"},"thumbnailUrl":"https:\/\/www.sis-solutions.com\/wp-content\/uploads\/2021\/09\/entreprendre-autrement-768x845.png","datePublished":"2021-09-09T15:01:19+00:00","dateModified":"2025-04-10T15:00:20+00:00","description":"SIS ha scelto uno status giuridico che incarna i valori umani e sociali.","breadcrumb":{"@id":"https:\/\/www.sis-solutions.com\/it\/i-nostri-valori\/#breadcrumb"},"inLanguage":"it-IT","potentialAction":[{"@type":"ReadAction","target":["https:\/\/www.sis-solutions.com\/it\/i-nostri-valori\/"]}]},{"@type":"ImageObject","inLanguage":"it-IT","@id":"https:\/\/www.sis-solutions.com\/it\/i-nostri-valori\/#primaryimage","url":"https:\/\/www.sis-solutions.com\/wp-content\/uploads\/2021\/09\/entreprendre-autrement-768x845.png","contentUrl":"https:\/\/www.sis-solutions.com\/wp-content\/uploads\/2021\/09\/entreprendre-autrement-768x845.png"},{"@type":"BreadcrumbList","@id":"https:\/\/www.sis-solutions.com\/it\/i-nostri-valori\/#breadcrumb","itemListElement":[{"@type":"ListItem","position":1,"name":"Accueil","item":"https:\/\/www.sis-solutions.com\/it\/"},{"@type":"ListItem","position":2,"name":"I nostri valori"}]},{"@type":"WebSite","@id":"https:\/\/www.sis-solutions.com\/it\/#website","url":"https:\/\/www.sis-solutions.com\/it\/","name":"SIS","description":"Solutions pour la Supervision des R\u00e9seaux d\u2019Energie","publisher":{"@id":"https:\/\/www.sis-solutions.com\/it\/#organization"},"potentialAction":[{"@type":"SearchAction","target":{"@type":"EntryPoint","urlTemplate":"https:\/\/www.sis-solutions.com\/it\/?s={search_term_string}"},"query-input":{"@type":"PropertyValueSpecification","valueRequired":true,"valueName":"search_term_string"}}],"inLanguage":"it-IT"},{"@type":"Organization","@id":"https:\/\/www.sis-solutions.com\/it\/#organization","name":"SIS","url":"https:\/\/www.sis-solutions.com\/it\/","logo":{"@type":"ImageObject","inLanguage":"it-IT","@id":"https:\/\/www.sis-solutions.com\/it\/#\/schema\/logo\/image\/","url":"https:\/\/www.sis-solutions.com\/wp-content\/uploads\/2021\/09\/sis-logo_SIS_full_color.svg","contentUrl":"https:\/\/www.sis-solutions.com\/wp-content\/uploads\/2021\/09\/sis-logo_SIS_full_color.svg","width":49,"height":22,"caption":"SIS"},"image":{"@id":"https:\/\/www.sis-solutions.com\/it\/#\/schema\/logo\/image\/"}}]}},"_links":{"self":[{"href":"https:\/\/www.sis-solutions.com\/it\/wp-json\/wp\/v2\/pages\/6366","targetHints":{"allow":["GET"]}}],"collection":[{"href":"https:\/\/www.sis-solutions.com\/it\/wp-json\/wp\/v2\/pages"}],"about":[{"href":"https:\/\/www.sis-solutions.com\/it\/wp-json\/wp\/v2\/types\/page"}],"author":[{"embeddable":true,"href":"https:\/\/www.sis-solutions.com\/it\/wp-json\/wp\/v2\/users\/1"}],"replies":[{"embeddable":true,"href":"https:\/\/www.sis-solutions.com\/it\/wp-json\/wp\/v2\/comments?post=6366"}],"version-history":[{"count":14,"href":"https:\/\/www.sis-solutions.com\/it\/wp-json\/wp\/v2\/pages\/6366\/revisions"}],"predecessor-version":[{"id":6996,"href":"https:\/\/www.sis-solutions.com\/it\/wp-json\/wp\/v2\/pages\/6366\/revisions\/6996"}],"wp:attachment":[{"href":"https:\/\/www.sis-solutions.com\/it\/wp-json\/wp\/v2\/media?parent=6366"}],"curies":[{"name":"wp","href":"https:\/\/api.w.org\/{rel}","templated":true}]}}