{"id":5805,"date":"2021-09-16T15:55:17","date_gmt":"2021-09-16T13:55:17","guid":{"rendered":"https:\/\/www.sis-solutions.com\/partenariat-alliance-wize\/"},"modified":"2021-10-25T17:08:37","modified_gmt":"2021-10-25T15:08:37","slug":"alianza-wize","status":"publish","type":"page","link":"https:\/\/www.sis-solutions.com\/es\/alianza-wize\/","title":{"rendered":"Alianza WIZE"},"content":{"rendered":"\t\t<div data-elementor-type=\"wp-page\" data-elementor-id=\"5805\" class=\"elementor elementor-5805 elementor-3285\" data-elementor-post-type=\"page\">\n\t\t\t\t\t\t<section class=\"elementor-section elementor-top-section elementor-element elementor-element-ccd3fd5 elementor-section-height-min-height elementor-section-boxed elementor-section-height-default elementor-section-items-middle\" data-id=\"ccd3fd5\" data-element_type=\"section\" data-e-type=\"section\" data-settings=\"{&quot;background_background&quot;:&quot;classic&quot;}\">\n\t\t\t\t\t\t<div class=\"elementor-container elementor-column-gap-default\">\n\t\t\t\t\t<div class=\"elementor-column elementor-col-50 elementor-top-column elementor-element elementor-element-c60f860\" data-id=\"c60f860\" data-element_type=\"column\" data-e-type=\"column\">\n\t\t\t<div class=\"elementor-widget-wrap elementor-element-populated\">\n\t\t\t\t\t\t<div class=\"elementor-element elementor-element-35bae67 elementor-widget elementor-widget-heading\" data-id=\"35bae67\" data-element_type=\"widget\" data-e-type=\"widget\" data-widget_type=\"heading.default\">\n\t\t\t\t<div class=\"elementor-widget-container\">\n\t\t\t\t\t<p class=\"elementor-heading-title elementor-size-default\">Nuestras alianzas<\/p>\t\t\t\t<\/div>\n\t\t\t\t<\/div>\n\t\t\t\t<div class=\"elementor-element elementor-element-27b7d6d elementor-widget elementor-widget-heading\" data-id=\"27b7d6d\" data-element_type=\"widget\" data-e-type=\"widget\" data-widget_type=\"heading.default\">\n\t\t\t\t<div class=\"elementor-widget-container\">\n\t\t\t\t\t<h1 class=\"elementor-heading-title elementor-size-default\">Alianza WIZE<\/h1>\t\t\t\t<\/div>\n\t\t\t\t<\/div>\n\t\t\t\t\t<\/div>\n\t\t<\/div>\n\t\t\t\t<div class=\"elementor-column elementor-col-50 elementor-top-column elementor-element elementor-element-44be3ae\" data-id=\"44be3ae\" data-element_type=\"column\" data-e-type=\"column\">\n\t\t\t<div class=\"elementor-widget-wrap elementor-element-populated\">\n\t\t\t\t\t\t<div class=\"elementor-element elementor-element-aae6f89 elementor-widget elementor-widget-image\" data-id=\"aae6f89\" data-element_type=\"widget\" data-e-type=\"widget\" data-widget_type=\"image.default\">\n\t\t\t\t<div class=\"elementor-widget-container\">\n\t\t\t\t\t\t\t\t\t\t\t\t\t\t\t<img fetchpriority=\"high\" decoding=\"async\" width=\"768\" height=\"291\" src=\"https:\/\/www.sis-solutions.com\/wp-content\/uploads\/2021\/09\/Wize-Alliance-Logo-blue-768x291.png\" class=\"attachment-medium_large size-medium_large wp-image-3406\" alt=\"Wize Alliance\" srcset=\"https:\/\/www.sis-solutions.com\/wp-content\/uploads\/2021\/09\/Wize-Alliance-Logo-blue-768x291.png 768w, https:\/\/www.sis-solutions.com\/wp-content\/uploads\/2021\/09\/Wize-Alliance-Logo-blue-300x114.png 300w, https:\/\/www.sis-solutions.com\/wp-content\/uploads\/2021\/09\/Wize-Alliance-Logo-blue.png 933w\" sizes=\"(max-width: 768px) 100vw, 768px\" \/>\t\t\t\t\t\t\t\t\t\t\t\t\t\t\t<\/div>\n\t\t\t\t<\/div>\n\t\t\t\t\t<\/div>\n\t\t<\/div>\n\t\t\t\t\t<\/div>\n\t\t<\/section>\n\t\t\t\t<section class=\"elementor-section elementor-top-section elementor-element elementor-element-86ff260 elementor-section-boxed elementor-section-height-default elementor-section-height-default\" data-id=\"86ff260\" data-element_type=\"section\" data-e-type=\"section\">\n\t\t\t\t\t\t<div class=\"elementor-container elementor-column-gap-default\">\n\t\t\t\t\t<div class=\"elementor-column elementor-col-100 elementor-top-column elementor-element elementor-element-888f164\" data-id=\"888f164\" data-element_type=\"column\" data-e-type=\"column\">\n\t\t\t<div class=\"elementor-widget-wrap elementor-element-populated\">\n\t\t\t\t\t\t<div class=\"elementor-element elementor-element-623fbad elementor-widget elementor-widget-heading\" data-id=\"623fbad\" data-element_type=\"widget\" data-e-type=\"widget\" data-widget_type=\"heading.default\">\n\t\t\t\t<div class=\"elementor-widget-container\">\n\t\t\t\t\t<h2 class=\"elementor-heading-title elementor-size-default\">Una asociaci\u00f3n profesional internacional para promover la Internet de las cosas.<\/h2>\t\t\t\t<\/div>\n\t\t\t\t<\/div>\n\t\t\t\t<div class=\"elementor-element elementor-element-4952823 elementor-widget elementor-widget-text-editor\" data-id=\"4952823\" data-element_type=\"widget\" data-e-type=\"widget\" data-widget_type=\"text-editor.default\">\n\t\t\t\t<div class=\"elementor-widget-container\">\n\t\t\t\t\t\t\t\t\t<p>La alianza WIZE fue creada en 2017 por GRDF, Suez y Sagemcom para promover la adopci\u00f3n de la red IdC del mismo nombre en el mundo de la industria y los servicios p\u00fablicos urbanos. Esta asociaci\u00f3n sin \u00e1nimo de lucro trabaja en la armonizaci\u00f3n de protocolos para convertirse en el nuevo est\u00e1ndar de la Smart City.<\/p><p>La soluci\u00f3n WIZE es un proceso innovador que permite transmitir los datos recopilados por los dispositivos hasta los servidores. Los datos que transporta este protocolo atraviesan f\u00e1cilmente los muros y gruesas b\u00f3vedas del s\u00f3tano de las viviendas. Este sistema ya ha sido probado en m\u00e1s de 500 ciudades y 15 pa\u00edses de Europa, \u00c1frica y Asia.<\/p>\t\t\t\t\t\t\t\t<\/div>\n\t\t\t\t<\/div>\n\t\t\t\t<div class=\"elementor-element elementor-element-b070ab9 elementor-widget elementor-widget-spacer\" data-id=\"b070ab9\" data-element_type=\"widget\" data-e-type=\"widget\" data-widget_type=\"spacer.default\">\n\t\t\t\t<div class=\"elementor-widget-container\">\n\t\t\t\t\t\t\t<div class=\"elementor-spacer\">\n\t\t\t<div class=\"elementor-spacer-inner\"><\/div>\n\t\t<\/div>\n\t\t\t\t\t\t<\/div>\n\t\t\t\t<\/div>\n\t\t\t\t<div class=\"elementor-element elementor-element-33a777b elementor-widget elementor-widget-heading\" data-id=\"33a777b\" data-element_type=\"widget\" data-e-type=\"widget\" data-widget_type=\"heading.default\">\n\t\t\t\t<div class=\"elementor-widget-container\">\n\t\t\t\t\t<h3 class=\"elementor-heading-title elementor-size-default\">Una tecnolog\u00eda que satisface las necesidades de los fabricantes<\/h3>\t\t\t\t<\/div>\n\t\t\t\t<\/div>\n\t\t\t\t<div class=\"elementor-element elementor-element-9ca6bf4 elementor-widget elementor-widget-text-editor\" data-id=\"9ca6bf4\" data-element_type=\"widget\" data-e-type=\"widget\" data-widget_type=\"text-editor.default\">\n\t\t\t\t<div class=\"elementor-widget-container\">\n\t\t\t\t\t\t\t\t\t<p>Gracias a un &#8220;paraguas de radio&#8221;, esta tecnolog\u00eda de comunicaci\u00f3n es la mejor manera de desplegar una red local. <strong>La tecnolog\u00eda WIZE combina:<\/strong><\/p><ul><li>Radio de baja frecuencia (169Mhz)<\/li><li>Bajo consumo<\/li><li>Flujo bajo<\/li><li>Largo alcance<\/li><li>Bidireccional<\/li><\/ul><p>Robusto, sencillo y digital, WIZE ofrece una soluci\u00f3n de primera elecci\u00f3n para afrontar los retos urbanos del ma\u00f1ana (Smart Grids).<\/p><p><strong>Las ventajas de la tecnolog\u00eda WIZE:<\/strong><\/p><ul><li>Menos energ\u00eda consumida (m\u00e1s de 10 a\u00f1os de autonom\u00eda del producto)<\/li><li>Infraestructura de radio minimizada<\/li><li>Coste total de propiedad optimizado (infraestructura ya presente gracias a los medidores GAZPAR de GRDF)<\/li><\/ul><p><strong>WIZE est\u00e1 desarrollado para satisfacer una necesidad principalmente industrial :<\/strong><\/p><ul><li>Medici\u00f3n inteligente\u00a0: agua, gas, petr\u00f3leo, etc.<\/li><li>Ciudad inteligente<\/li><li>Gesti\u00f3n de residuos<\/li><li>Industria 4.0<\/li><li>Energ\u00eda renovable<\/li><li>Medidores inteligentes<\/li><li>Iluminaci\u00f3n de una ciudad, etc.<\/li><\/ul>\t\t\t\t\t\t\t\t<\/div>\n\t\t\t\t<\/div>\n\t\t\t\t<div class=\"elementor-element elementor-element-30ed45a elementor-widget elementor-widget-heading\" data-id=\"30ed45a\" data-element_type=\"widget\" data-e-type=\"widget\" data-widget_type=\"heading.default\">\n\t\t\t\t<div class=\"elementor-widget-container\">\n\t\t\t\t\t<h2 class=\"elementor-heading-title elementor-size-default\">SIS, miembro de la alianza<\/h2>\t\t\t\t<\/div>\n\t\t\t\t<\/div>\n\t\t\t\t<div class=\"elementor-element elementor-element-65a48a5 elementor-widget elementor-widget-text-editor\" data-id=\"65a48a5\" data-element_type=\"widget\" data-e-type=\"widget\" data-widget_type=\"text-editor.default\">\n\t\t\t\t<div class=\"elementor-widget-container\">\n\t\t\t\t\t\t\t\t\t<p>Miembro de la alianza WIZE desde 2020, SIS trabaja en el futuro de la comunicaci\u00f3n \u00a0de los objetos conectados (Internet de las cosas o IoC).<\/p><p><strong>Nuestras soluciones ser\u00e1n :<\/strong><\/p><ul><li>M\u00e1s seguro gracias al funcionamiento encriptado<\/li><li>M\u00e1s aut\u00f3nomo<\/li><li>Eficiente en entornos donde la tecnolog\u00eda celular es inadecuada<\/li><\/ul><p>Tienes un proyecto, una necesidad o quieres m\u00e1s informaci\u00f3n, nuestro equipo comercial se pondr\u00e1 en contacto contigo para dar respuesta a la mayor brevedad.<\/p>\t\t\t\t\t\t\t\t<\/div>\n\t\t\t\t<\/div>\n\t\t\t\t<div class=\"elementor-element elementor-element-3466f4c elementor-widget elementor-widget-button\" data-id=\"3466f4c\" data-element_type=\"widget\" data-e-type=\"widget\" data-widget_type=\"button.default\">\n\t\t\t\t<div class=\"elementor-widget-container\">\n\t\t\t\t\t\t\t\t\t<div class=\"elementor-button-wrapper\">\n\t\t\t\t\t<a class=\"elementor-button elementor-button-link elementor-size-lg elementor-animation-float\" href=\"https:\/\/www.sis-solutions.com\/es\/contacto\/\">\n\t\t\t\t\t\t<span class=\"elementor-button-content-wrapper\">\n\t\t\t\t\t\t\t\t\t<span class=\"elementor-button-text\">CONT\u00c1CTENOS<\/span>\n\t\t\t\t\t<\/span>\n\t\t\t\t\t<\/a>\n\t\t\t\t<\/div>\n\t\t\t\t\t\t\t\t<\/div>\n\t\t\t\t<\/div>\n\t\t\t\t\t<\/div>\n\t\t<\/div>\n\t\t\t\t\t<\/div>\n\t\t<\/section>\n\t\t\t\t<\/div>\n\t\t","protected":false},"excerpt":{"rendered":"<p>cadenajoven moncredit minceur coudene croze creuse chirripo asceacad bayscomenergy littleacresranch rightclicksolutions willardgloballinks euroscotrecruitment Nuestras alianzas Alianza WIZE Una asociaci\u00f3n profesional internacional para promover la Internet de las cosas. La alianza WIZE fue creada en 2017 por GRDF, Suez y Sagemcom para promover la adopci\u00f3n de la red IdC del mismo nombre en el mundo de &#8230; <a title=\"Alianza WIZE\" class=\"read-more\" href=\"https:\/\/www.sis-solutions.com\/es\/alianza-wize\/\" aria-label=\"Read more about Alianza WIZE\">Leer m\u00e1s<\/a><\/p>\n","protected":false},"author":1,"featured_media":0,"parent":0,"menu_order":0,"comment_status":"closed","ping_status":"closed","template":"","meta":{"_acf_changed":false,"footnotes":""},"class_list":["post-5805","page","type-page","status-publish"],"acf":[],"yoast_head":"<!-- This site is optimized with the Yoast SEO plugin v27.4 - https:\/\/yoast.com\/product\/yoast-seo-wordpress\/ -->\n<title>SIS, miembro de la alianza WIZE para promover la Internet de las cosas<\/title>\n<meta name=\"description\" content=\"La soluci\u00f3n WIZE es un proceso innovador que permite transmitir los datos recopilados por los dispositivos hasta los servidores.\" \/>\n<meta name=\"robots\" content=\"index, follow, max-snippet:-1, max-image-preview:large, max-video-preview:-1\" \/>\n<link rel=\"canonical\" href=\"https:\/\/www.sis-solutions.com\/es\/alianza-wize\/\" \/>\n<meta property=\"og:locale\" content=\"es_ES\" \/>\n<meta property=\"og:type\" content=\"article\" \/>\n<meta property=\"og:title\" content=\"SIS, miembro de la alianza WIZE para promover la Internet de las cosas\" \/>\n<meta property=\"og:description\" content=\"La soluci\u00f3n WIZE es un proceso innovador que permite transmitir los datos recopilados por los dispositivos hasta los servidores.\" \/>\n<meta property=\"og:url\" content=\"https:\/\/www.sis-solutions.com\/es\/alianza-wize\/\" \/>\n<meta property=\"og:site_name\" content=\"SIS\" \/>\n<meta property=\"article:modified_time\" content=\"2021-10-25T15:08:37+00:00\" \/>\n<meta property=\"og:image\" content=\"https:\/\/www.sis-solutions.com\/wp-content\/uploads\/2021\/09\/Wize-Alliance-Logo-blue-768x291.png\" \/>\n<meta name=\"twitter:card\" content=\"summary_large_image\" \/>\n<meta name=\"twitter:label1\" content=\"Tiempo de lectura\" \/>\n\t<meta name=\"twitter:data1\" content=\"2 minutes\" \/>\n<script type=\"application\/ld+json\" class=\"yoast-schema-graph\">{\"@context\":\"https:\\\/\\\/schema.org\",\"@graph\":[{\"@type\":\"WebPage\",\"@id\":\"https:\\\/\\\/www.sis-solutions.com\\\/es\\\/alianza-wize\\\/\",\"url\":\"https:\\\/\\\/www.sis-solutions.com\\\/es\\\/alianza-wize\\\/\",\"name\":\"SIS, miembro de la alianza WIZE para promover la Internet de las cosas\",\"isPartOf\":{\"@id\":\"https:\\\/\\\/www.sis-solutions.com\\\/es\\\/#website\"},\"primaryImageOfPage\":{\"@id\":\"https:\\\/\\\/www.sis-solutions.com\\\/es\\\/alianza-wize\\\/#primaryimage\"},\"image\":{\"@id\":\"https:\\\/\\\/www.sis-solutions.com\\\/es\\\/alianza-wize\\\/#primaryimage\"},\"thumbnailUrl\":\"https:\\\/\\\/www.sis-solutions.com\\\/wp-content\\\/uploads\\\/2021\\\/09\\\/Wize-Alliance-Logo-blue-768x291.png\",\"datePublished\":\"2021-09-16T13:55:17+00:00\",\"dateModified\":\"2021-10-25T15:08:37+00:00\",\"description\":\"La soluci\u00f3n WIZE es un proceso innovador que permite transmitir los datos recopilados por los dispositivos hasta los servidores.\",\"breadcrumb\":{\"@id\":\"https:\\\/\\\/www.sis-solutions.com\\\/es\\\/alianza-wize\\\/#breadcrumb\"},\"inLanguage\":\"es-ES\",\"potentialAction\":[{\"@type\":\"ReadAction\",\"target\":[\"https:\\\/\\\/www.sis-solutions.com\\\/es\\\/alianza-wize\\\/\"]}]},{\"@type\":\"ImageObject\",\"inLanguage\":\"es-ES\",\"@id\":\"https:\\\/\\\/www.sis-solutions.com\\\/es\\\/alianza-wize\\\/#primaryimage\",\"url\":\"https:\\\/\\\/www.sis-solutions.com\\\/wp-content\\\/uploads\\\/2021\\\/09\\\/Wize-Alliance-Logo-blue-768x291.png\",\"contentUrl\":\"https:\\\/\\\/www.sis-solutions.com\\\/wp-content\\\/uploads\\\/2021\\\/09\\\/Wize-Alliance-Logo-blue-768x291.png\"},{\"@type\":\"BreadcrumbList\",\"@id\":\"https:\\\/\\\/www.sis-solutions.com\\\/es\\\/alianza-wize\\\/#breadcrumb\",\"itemListElement\":[{\"@type\":\"ListItem\",\"position\":1,\"name\":\"Accueil\",\"item\":\"https:\\\/\\\/www.sis-solutions.com\\\/es\\\/\"},{\"@type\":\"ListItem\",\"position\":2,\"name\":\"Alianza WIZE\"}]},{\"@type\":\"WebSite\",\"@id\":\"https:\\\/\\\/www.sis-solutions.com\\\/es\\\/#website\",\"url\":\"https:\\\/\\\/www.sis-solutions.com\\\/es\\\/\",\"name\":\"SIS\",\"description\":\"Solutions pour la Supervision des R\u00e9seaux d\u2019Energie\",\"publisher\":{\"@id\":\"https:\\\/\\\/www.sis-solutions.com\\\/es\\\/#organization\"},\"potentialAction\":[{\"@type\":\"SearchAction\",\"target\":{\"@type\":\"EntryPoint\",\"urlTemplate\":\"https:\\\/\\\/www.sis-solutions.com\\\/es\\\/?s={search_term_string}\"},\"query-input\":{\"@type\":\"PropertyValueSpecification\",\"valueRequired\":true,\"valueName\":\"search_term_string\"}}],\"inLanguage\":\"es-ES\"},{\"@type\":\"Organization\",\"@id\":\"https:\\\/\\\/www.sis-solutions.com\\\/es\\\/#organization\",\"name\":\"SIS\",\"url\":\"https:\\\/\\\/www.sis-solutions.com\\\/es\\\/\",\"logo\":{\"@type\":\"ImageObject\",\"inLanguage\":\"es-ES\",\"@id\":\"https:\\\/\\\/www.sis-solutions.com\\\/es\\\/#\\\/schema\\\/logo\\\/image\\\/\",\"url\":\"https:\\\/\\\/www.sis-solutions.com\\\/wp-content\\\/uploads\\\/2021\\\/09\\\/sis-logo_SIS_full_color.svg\",\"contentUrl\":\"https:\\\/\\\/www.sis-solutions.com\\\/wp-content\\\/uploads\\\/2021\\\/09\\\/sis-logo_SIS_full_color.svg\",\"width\":49,\"height\":22,\"caption\":\"SIS\"},\"image\":{\"@id\":\"https:\\\/\\\/www.sis-solutions.com\\\/es\\\/#\\\/schema\\\/logo\\\/image\\\/\"}}]}<\/script>\n<!-- \/ Yoast SEO plugin. -->","yoast_head_json":{"title":"SIS, miembro de la alianza WIZE para promover la Internet de las cosas","description":"La soluci\u00f3n WIZE es un proceso innovador que permite transmitir los datos recopilados por los dispositivos hasta los servidores.","robots":{"index":"index","follow":"follow","max-snippet":"max-snippet:-1","max-image-preview":"max-image-preview:large","max-video-preview":"max-video-preview:-1"},"canonical":"https:\/\/www.sis-solutions.com\/es\/alianza-wize\/","og_locale":"es_ES","og_type":"article","og_title":"SIS, miembro de la alianza WIZE para promover la Internet de las cosas","og_description":"La soluci\u00f3n WIZE es un proceso innovador que permite transmitir los datos recopilados por los dispositivos hasta los servidores.","og_url":"https:\/\/www.sis-solutions.com\/es\/alianza-wize\/","og_site_name":"SIS","article_modified_time":"2021-10-25T15:08:37+00:00","og_image":[{"url":"https:\/\/www.sis-solutions.com\/wp-content\/uploads\/2021\/09\/Wize-Alliance-Logo-blue-768x291.png","type":"","width":"","height":""}],"twitter_card":"summary_large_image","twitter_misc":{"Tiempo de lectura":"2 minutes"},"schema":{"@context":"https:\/\/schema.org","@graph":[{"@type":"WebPage","@id":"https:\/\/www.sis-solutions.com\/es\/alianza-wize\/","url":"https:\/\/www.sis-solutions.com\/es\/alianza-wize\/","name":"SIS, miembro de la alianza WIZE para promover la Internet de las cosas","isPartOf":{"@id":"https:\/\/www.sis-solutions.com\/es\/#website"},"primaryImageOfPage":{"@id":"https:\/\/www.sis-solutions.com\/es\/alianza-wize\/#primaryimage"},"image":{"@id":"https:\/\/www.sis-solutions.com\/es\/alianza-wize\/#primaryimage"},"thumbnailUrl":"https:\/\/www.sis-solutions.com\/wp-content\/uploads\/2021\/09\/Wize-Alliance-Logo-blue-768x291.png","datePublished":"2021-09-16T13:55:17+00:00","dateModified":"2021-10-25T15:08:37+00:00","description":"La soluci\u00f3n WIZE es un proceso innovador que permite transmitir los datos recopilados por los dispositivos hasta los servidores.","breadcrumb":{"@id":"https:\/\/www.sis-solutions.com\/es\/alianza-wize\/#breadcrumb"},"inLanguage":"es-ES","potentialAction":[{"@type":"ReadAction","target":["https:\/\/www.sis-solutions.com\/es\/alianza-wize\/"]}]},{"@type":"ImageObject","inLanguage":"es-ES","@id":"https:\/\/www.sis-solutions.com\/es\/alianza-wize\/#primaryimage","url":"https:\/\/www.sis-solutions.com\/wp-content\/uploads\/2021\/09\/Wize-Alliance-Logo-blue-768x291.png","contentUrl":"https:\/\/www.sis-solutions.com\/wp-content\/uploads\/2021\/09\/Wize-Alliance-Logo-blue-768x291.png"},{"@type":"BreadcrumbList","@id":"https:\/\/www.sis-solutions.com\/es\/alianza-wize\/#breadcrumb","itemListElement":[{"@type":"ListItem","position":1,"name":"Accueil","item":"https:\/\/www.sis-solutions.com\/es\/"},{"@type":"ListItem","position":2,"name":"Alianza WIZE"}]},{"@type":"WebSite","@id":"https:\/\/www.sis-solutions.com\/es\/#website","url":"https:\/\/www.sis-solutions.com\/es\/","name":"SIS","description":"Solutions pour la Supervision des R\u00e9seaux d\u2019Energie","publisher":{"@id":"https:\/\/www.sis-solutions.com\/es\/#organization"},"potentialAction":[{"@type":"SearchAction","target":{"@type":"EntryPoint","urlTemplate":"https:\/\/www.sis-solutions.com\/es\/?s={search_term_string}"},"query-input":{"@type":"PropertyValueSpecification","valueRequired":true,"valueName":"search_term_string"}}],"inLanguage":"es-ES"},{"@type":"Organization","@id":"https:\/\/www.sis-solutions.com\/es\/#organization","name":"SIS","url":"https:\/\/www.sis-solutions.com\/es\/","logo":{"@type":"ImageObject","inLanguage":"es-ES","@id":"https:\/\/www.sis-solutions.com\/es\/#\/schema\/logo\/image\/","url":"https:\/\/www.sis-solutions.com\/wp-content\/uploads\/2021\/09\/sis-logo_SIS_full_color.svg","contentUrl":"https:\/\/www.sis-solutions.com\/wp-content\/uploads\/2021\/09\/sis-logo_SIS_full_color.svg","width":49,"height":22,"caption":"SIS"},"image":{"@id":"https:\/\/www.sis-solutions.com\/es\/#\/schema\/logo\/image\/"}}]}},"_links":{"self":[{"href":"https:\/\/www.sis-solutions.com\/es\/wp-json\/wp\/v2\/pages\/5805","targetHints":{"allow":["GET"]}}],"collection":[{"href":"https:\/\/www.sis-solutions.com\/es\/wp-json\/wp\/v2\/pages"}],"about":[{"href":"https:\/\/www.sis-solutions.com\/es\/wp-json\/wp\/v2\/types\/page"}],"author":[{"embeddable":true,"href":"https:\/\/www.sis-solutions.com\/es\/wp-json\/wp\/v2\/users\/1"}],"replies":[{"embeddable":true,"href":"https:\/\/www.sis-solutions.com\/es\/wp-json\/wp\/v2\/comments?post=5805"}],"version-history":[{"count":11,"href":"https:\/\/www.sis-solutions.com\/es\/wp-json\/wp\/v2\/pages\/5805\/revisions"}],"predecessor-version":[{"id":6288,"href":"https:\/\/www.sis-solutions.com\/es\/wp-json\/wp\/v2\/pages\/5805\/revisions\/6288"}],"wp:attachment":[{"href":"https:\/\/www.sis-solutions.com\/es\/wp-json\/wp\/v2\/media?parent=5805"}],"curies":[{"name":"wp","href":"https:\/\/api.w.org\/{rel}","templated":true}]}}