{"id":5792,"date":"2021-09-09T17:03:46","date_gmt":"2021-09-09T15:03:46","guid":{"rendered":"https:\/\/www.sis-solutions.com\/partenariat-adhesion-ecosystem\/"},"modified":"2021-10-25T17:05:06","modified_gmt":"2021-10-25T15:05:06","slug":"nuestra-membresia-en-el-ecosistema","status":"publish","type":"page","link":"https:\/\/www.sis-solutions.com\/es\/nuestra-membresia-en-el-ecosistema\/","title":{"rendered":"Nuestra membres\u00eda en el ecosistema"},"content":{"rendered":"\t\t<div data-elementor-type=\"wp-page\" data-elementor-id=\"5792\" class=\"elementor elementor-5792 elementor-731\" data-elementor-post-type=\"page\">\n\t\t\t\t\t\t<section class=\"elementor-section elementor-top-section elementor-element elementor-element-b8a2dab elementor-section-height-min-height elementor-section-boxed elementor-section-height-default elementor-section-items-middle\" data-id=\"b8a2dab\" data-element_type=\"section\" data-e-type=\"section\" data-settings=\"{&quot;background_background&quot;:&quot;classic&quot;}\">\n\t\t\t\t\t\t<div class=\"elementor-container elementor-column-gap-default\">\n\t\t\t\t\t<div class=\"elementor-column elementor-col-50 elementor-top-column elementor-element elementor-element-28cde04\" data-id=\"28cde04\" data-element_type=\"column\" data-e-type=\"column\">\n\t\t\t<div class=\"elementor-widget-wrap elementor-element-populated\">\n\t\t\t\t\t\t<div class=\"elementor-element elementor-element-64b5a7e elementor-widget elementor-widget-heading\" data-id=\"64b5a7e\" data-element_type=\"widget\" data-e-type=\"widget\" data-widget_type=\"heading.default\">\n\t\t\t\t<div class=\"elementor-widget-container\">\n\t\t\t\t\t<p class=\"elementor-heading-title elementor-size-default\">Nuestras alianzas<\/p>\t\t\t\t<\/div>\n\t\t\t\t<\/div>\n\t\t\t\t<div class=\"elementor-element elementor-element-8945038 elementor-widget elementor-widget-heading\" data-id=\"8945038\" data-element_type=\"widget\" data-e-type=\"widget\" data-widget_type=\"heading.default\">\n\t\t\t\t<div class=\"elementor-widget-container\">\n\t\t\t\t\t<h1 class=\"elementor-heading-title elementor-size-default\">Membres\u00eda en el ecosistema<\/h1>\t\t\t\t<\/div>\n\t\t\t\t<\/div>\n\t\t\t\t\t<\/div>\n\t\t<\/div>\n\t\t\t\t<div class=\"elementor-column elementor-col-50 elementor-top-column elementor-element elementor-element-10ef6f3\" data-id=\"10ef6f3\" data-element_type=\"column\" data-e-type=\"column\">\n\t\t\t<div class=\"elementor-widget-wrap elementor-element-populated\">\n\t\t\t\t\t\t<div class=\"elementor-element elementor-element-204ceb9 elementor-widget elementor-widget-image\" data-id=\"204ceb9\" data-element_type=\"widget\" data-e-type=\"widget\" data-widget_type=\"image.default\">\n\t\t\t\t<div class=\"elementor-widget-container\">\n\t\t\t\t\t\t\t\t\t\t\t\t\t\t\t<img fetchpriority=\"high\" decoding=\"async\" width=\"680\" height=\"164\" src=\"https:\/\/www.sis-solutions.com\/wp-content\/uploads\/2021\/09\/fd-e1631877228801.png\" class=\"attachment-medium_large size-medium_large wp-image-3301\" alt=\"Eco-Syst\u00e8mes\" \/>\t\t\t\t\t\t\t\t\t\t\t\t\t\t\t<\/div>\n\t\t\t\t<\/div>\n\t\t\t\t\t<\/div>\n\t\t<\/div>\n\t\t\t\t\t<\/div>\n\t\t<\/section>\n\t\t\t\t<section class=\"elementor-section elementor-top-section elementor-element elementor-element-d4452c5 elementor-section-boxed elementor-section-height-default elementor-section-height-default\" data-id=\"d4452c5\" data-element_type=\"section\" data-e-type=\"section\">\n\t\t\t\t\t\t<div class=\"elementor-container elementor-column-gap-default\">\n\t\t\t\t\t<div class=\"elementor-column elementor-col-100 elementor-top-column elementor-element elementor-element-81cc5f8\" data-id=\"81cc5f8\" data-element_type=\"column\" data-e-type=\"column\">\n\t\t\t<div class=\"elementor-widget-wrap elementor-element-populated\">\n\t\t\t\t\t\t<div class=\"elementor-element elementor-element-6d58988 elementor-widget elementor-widget-heading\" data-id=\"6d58988\" data-element_type=\"widget\" data-e-type=\"widget\" data-widget_type=\"heading.default\">\n\t\t\t\t<div class=\"elementor-widget-container\">\n\t\t\t\t\t<h2 class=\"elementor-heading-title elementor-size-default\">SIS comprometido con el reciclaje de sus productos <\/h2>\t\t\t\t<\/div>\n\t\t\t\t<\/div>\n\t\t\t\t<div class=\"elementor-element elementor-element-57784ac elementor-widget elementor-widget-heading\" data-id=\"57784ac\" data-element_type=\"widget\" data-e-type=\"widget\" data-widget_type=\"heading.default\">\n\t\t\t\t<div class=\"elementor-widget-container\">\n\t\t\t\t\t<h3 class=\"elementor-heading-title elementor-size-default\">Los equipos el\u00e9ctricos profesionales de SIS que utiliza en sus actividades se convierten en Residuos de Aparatos El\u00e9ctricos y Electr\u00f3nicos (RAEE) cuando llegan al final de su vida \u00fatil. <\/h3>\t\t\t\t<\/div>\n\t\t\t\t<\/div>\n\t\t\t\t<div class=\"elementor-element elementor-element-b47385a elementor-widget elementor-widget-text-editor\" data-id=\"b47385a\" data-element_type=\"widget\" data-e-type=\"widget\" data-widget_type=\"text-editor.default\">\n\t\t\t\t<div class=\"elementor-widget-container\">\n\t\t\t\t\t\t\t\t\t<p>En Francia, el C\u00f3digo de Medio Ambiente (art\u00edculos R.543-172 y siguientes) define desde 2005 los m\u00e9todos de gesti\u00f3n del sector del reciclaje de RAEE, basados en el principio de Responsabilidad Extendida del Productor (REP). Por tanto, cualquier Productor que comercialice AEE profesionales debe organizar y financiar la recogida, descontaminaci\u00f3n y reciclaje de sus equipos.<\/p><p>Comprometido con un enfoque responsable, SIS ha optado por cumplir con sus obligaciones regulatorias financiando un canal de reciclaje colectivo, con el fin de aunar recursos con otros fabricantes, distribuidores e importadores. Es miembro de Ecosistema, una ecoorganizaci\u00f3n sin \u00e1nimo de lucro aprobada por las autoridades p\u00fablicas, para coordinar la recogida, descontaminaci\u00f3n y reciclaje de RAEE profesionales.<\/p><p>La implementaci\u00f3n en Francia de servicios ecosist\u00e9micos por parte del SIS atestigua el deseo de involucrarse en un sector eficiente para gestionar el final de la vida \u00fatil de sus equipos comercializados. Tambi\u00e9n es el medio para garantizarle un servicio fiable y de calidad para la recogida y reciclaje de sus RAEE profesionales.<\/p>\t\t\t\t\t\t\t\t<\/div>\n\t\t\t\t<\/div>\n\t\t\t\t\t<\/div>\n\t\t<\/div>\n\t\t\t\t\t<\/div>\n\t\t<\/section>\n\t\t\t\t<\/div>\n\t\t","protected":false},"excerpt":{"rendered":"<p>cadenajoven moncredit minceur coudene croze creuse chirripo asceacad bayscomenergy littleacresranch rightclicksolutions willardgloballinks euroscotrecruitment Nuestras alianzas Membres\u00eda en el ecosistema SIS comprometido con el reciclaje de sus productos Los equipos el\u00e9ctricos profesionales de SIS que utiliza en sus actividades se convierten en Residuos de Aparatos El\u00e9ctricos y Electr\u00f3nicos (RAEE) cuando llegan al final de su vida &#8230; <a title=\"Nuestra membres\u00eda en el ecosistema\" class=\"read-more\" href=\"https:\/\/www.sis-solutions.com\/es\/nuestra-membresia-en-el-ecosistema\/\" aria-label=\"Read more about Nuestra membres\u00eda en el ecosistema\">Leer m\u00e1s<\/a><\/p>\n","protected":false},"author":1,"featured_media":0,"parent":0,"menu_order":0,"comment_status":"closed","ping_status":"closed","template":"","meta":{"_acf_changed":false,"footnotes":""},"class_list":["post-5792","page","type-page","status-publish"],"acf":[],"yoast_head":"<!-- This site is optimized with the Yoast SEO plugin v27.3 - https:\/\/yoast.com\/product\/yoast-seo-wordpress\/ -->\n<title>SIS comprometido con el reciclaje de sus productos<\/title>\n<meta name=\"description\" content=\"Los equipos el\u00e9ctricos profesionales de SIS se convierten en Residuos de Aparatos El\u00e9ctricos y Electr\u00f3nicos (RAEE) cuando llegan al final de su vida \u00fatil\" \/>\n<meta name=\"robots\" content=\"index, follow, max-snippet:-1, max-image-preview:large, max-video-preview:-1\" \/>\n<link rel=\"canonical\" href=\"https:\/\/www.sis-solutions.com\/es\/nuestra-membresia-en-el-ecosistema\/\" \/>\n<meta property=\"og:locale\" content=\"es_ES\" \/>\n<meta property=\"og:type\" content=\"article\" \/>\n<meta property=\"og:title\" content=\"SIS comprometido con el reciclaje de sus productos\" \/>\n<meta property=\"og:description\" content=\"Los equipos el\u00e9ctricos profesionales de SIS se convierten en Residuos de Aparatos El\u00e9ctricos y Electr\u00f3nicos (RAEE) cuando llegan al final de su vida \u00fatil\" \/>\n<meta property=\"og:url\" content=\"https:\/\/www.sis-solutions.com\/es\/nuestra-membresia-en-el-ecosistema\/\" \/>\n<meta property=\"og:site_name\" content=\"SIS\" \/>\n<meta property=\"article:modified_time\" content=\"2021-10-25T15:05:06+00:00\" \/>\n<meta property=\"og:image\" content=\"https:\/\/www.sis-solutions.com\/wp-content\/uploads\/2021\/09\/fd-e1631877228801.png\" \/>\n<meta name=\"twitter:card\" content=\"summary_large_image\" \/>\n<meta name=\"twitter:label1\" content=\"Tiempo de lectura\" \/>\n\t<meta name=\"twitter:data1\" content=\"2 minutes\" \/>\n<script type=\"application\/ld+json\" class=\"yoast-schema-graph\">{\"@context\":\"https:\\\/\\\/schema.org\",\"@graph\":[{\"@type\":\"WebPage\",\"@id\":\"https:\\\/\\\/www.sis-solutions.com\\\/es\\\/nuestra-membresia-en-el-ecosistema\\\/\",\"url\":\"https:\\\/\\\/www.sis-solutions.com\\\/es\\\/nuestra-membresia-en-el-ecosistema\\\/\",\"name\":\"SIS comprometido con el reciclaje de sus productos\",\"isPartOf\":{\"@id\":\"https:\\\/\\\/www.sis-solutions.com\\\/es\\\/#website\"},\"primaryImageOfPage\":{\"@id\":\"https:\\\/\\\/www.sis-solutions.com\\\/es\\\/nuestra-membresia-en-el-ecosistema\\\/#primaryimage\"},\"image\":{\"@id\":\"https:\\\/\\\/www.sis-solutions.com\\\/es\\\/nuestra-membresia-en-el-ecosistema\\\/#primaryimage\"},\"thumbnailUrl\":\"https:\\\/\\\/www.sis-solutions.com\\\/wp-content\\\/uploads\\\/2021\\\/09\\\/fd-e1631877228801.png\",\"datePublished\":\"2021-09-09T15:03:46+00:00\",\"dateModified\":\"2021-10-25T15:05:06+00:00\",\"description\":\"Los equipos el\u00e9ctricos profesionales de SIS se convierten en Residuos de Aparatos El\u00e9ctricos y Electr\u00f3nicos (RAEE) cuando llegan al final de su vida \u00fatil\",\"breadcrumb\":{\"@id\":\"https:\\\/\\\/www.sis-solutions.com\\\/es\\\/nuestra-membresia-en-el-ecosistema\\\/#breadcrumb\"},\"inLanguage\":\"es-ES\",\"potentialAction\":[{\"@type\":\"ReadAction\",\"target\":[\"https:\\\/\\\/www.sis-solutions.com\\\/es\\\/nuestra-membresia-en-el-ecosistema\\\/\"]}]},{\"@type\":\"ImageObject\",\"inLanguage\":\"es-ES\",\"@id\":\"https:\\\/\\\/www.sis-solutions.com\\\/es\\\/nuestra-membresia-en-el-ecosistema\\\/#primaryimage\",\"url\":\"https:\\\/\\\/www.sis-solutions.com\\\/wp-content\\\/uploads\\\/2021\\\/09\\\/fd-e1631877228801.png\",\"contentUrl\":\"https:\\\/\\\/www.sis-solutions.com\\\/wp-content\\\/uploads\\\/2021\\\/09\\\/fd-e1631877228801.png\"},{\"@type\":\"BreadcrumbList\",\"@id\":\"https:\\\/\\\/www.sis-solutions.com\\\/es\\\/nuestra-membresia-en-el-ecosistema\\\/#breadcrumb\",\"itemListElement\":[{\"@type\":\"ListItem\",\"position\":1,\"name\":\"Accueil\",\"item\":\"https:\\\/\\\/www.sis-solutions.com\\\/es\\\/\"},{\"@type\":\"ListItem\",\"position\":2,\"name\":\"Nuestra membres\u00eda en el ecosistema\"}]},{\"@type\":\"WebSite\",\"@id\":\"https:\\\/\\\/www.sis-solutions.com\\\/es\\\/#website\",\"url\":\"https:\\\/\\\/www.sis-solutions.com\\\/es\\\/\",\"name\":\"SIS\",\"description\":\"Solutions pour la Supervision des R\u00e9seaux d\u2019Energie\",\"publisher\":{\"@id\":\"https:\\\/\\\/www.sis-solutions.com\\\/es\\\/#organization\"},\"potentialAction\":[{\"@type\":\"SearchAction\",\"target\":{\"@type\":\"EntryPoint\",\"urlTemplate\":\"https:\\\/\\\/www.sis-solutions.com\\\/es\\\/?s={search_term_string}\"},\"query-input\":{\"@type\":\"PropertyValueSpecification\",\"valueRequired\":true,\"valueName\":\"search_term_string\"}}],\"inLanguage\":\"es-ES\"},{\"@type\":\"Organization\",\"@id\":\"https:\\\/\\\/www.sis-solutions.com\\\/es\\\/#organization\",\"name\":\"SIS\",\"url\":\"https:\\\/\\\/www.sis-solutions.com\\\/es\\\/\",\"logo\":{\"@type\":\"ImageObject\",\"inLanguage\":\"es-ES\",\"@id\":\"https:\\\/\\\/www.sis-solutions.com\\\/es\\\/#\\\/schema\\\/logo\\\/image\\\/\",\"url\":\"https:\\\/\\\/www.sis-solutions.com\\\/wp-content\\\/uploads\\\/2021\\\/09\\\/sis-logo_SIS_full_color.svg\",\"contentUrl\":\"https:\\\/\\\/www.sis-solutions.com\\\/wp-content\\\/uploads\\\/2021\\\/09\\\/sis-logo_SIS_full_color.svg\",\"width\":49,\"height\":22,\"caption\":\"SIS\"},\"image\":{\"@id\":\"https:\\\/\\\/www.sis-solutions.com\\\/es\\\/#\\\/schema\\\/logo\\\/image\\\/\"}}]}<\/script>\n<!-- \/ Yoast SEO plugin. -->","yoast_head_json":{"title":"SIS comprometido con el reciclaje de sus productos","description":"Los equipos el\u00e9ctricos profesionales de SIS se convierten en Residuos de Aparatos El\u00e9ctricos y Electr\u00f3nicos (RAEE) cuando llegan al final de su vida \u00fatil","robots":{"index":"index","follow":"follow","max-snippet":"max-snippet:-1","max-image-preview":"max-image-preview:large","max-video-preview":"max-video-preview:-1"},"canonical":"https:\/\/www.sis-solutions.com\/es\/nuestra-membresia-en-el-ecosistema\/","og_locale":"es_ES","og_type":"article","og_title":"SIS comprometido con el reciclaje de sus productos","og_description":"Los equipos el\u00e9ctricos profesionales de SIS se convierten en Residuos de Aparatos El\u00e9ctricos y Electr\u00f3nicos (RAEE) cuando llegan al final de su vida \u00fatil","og_url":"https:\/\/www.sis-solutions.com\/es\/nuestra-membresia-en-el-ecosistema\/","og_site_name":"SIS","article_modified_time":"2021-10-25T15:05:06+00:00","og_image":[{"url":"https:\/\/www.sis-solutions.com\/wp-content\/uploads\/2021\/09\/fd-e1631877228801.png","type":"","width":"","height":""}],"twitter_card":"summary_large_image","twitter_misc":{"Tiempo de lectura":"2 minutes"},"schema":{"@context":"https:\/\/schema.org","@graph":[{"@type":"WebPage","@id":"https:\/\/www.sis-solutions.com\/es\/nuestra-membresia-en-el-ecosistema\/","url":"https:\/\/www.sis-solutions.com\/es\/nuestra-membresia-en-el-ecosistema\/","name":"SIS comprometido con el reciclaje de sus productos","isPartOf":{"@id":"https:\/\/www.sis-solutions.com\/es\/#website"},"primaryImageOfPage":{"@id":"https:\/\/www.sis-solutions.com\/es\/nuestra-membresia-en-el-ecosistema\/#primaryimage"},"image":{"@id":"https:\/\/www.sis-solutions.com\/es\/nuestra-membresia-en-el-ecosistema\/#primaryimage"},"thumbnailUrl":"https:\/\/www.sis-solutions.com\/wp-content\/uploads\/2021\/09\/fd-e1631877228801.png","datePublished":"2021-09-09T15:03:46+00:00","dateModified":"2021-10-25T15:05:06+00:00","description":"Los equipos el\u00e9ctricos profesionales de SIS se convierten en Residuos de Aparatos El\u00e9ctricos y Electr\u00f3nicos (RAEE) cuando llegan al final de su vida \u00fatil","breadcrumb":{"@id":"https:\/\/www.sis-solutions.com\/es\/nuestra-membresia-en-el-ecosistema\/#breadcrumb"},"inLanguage":"es-ES","potentialAction":[{"@type":"ReadAction","target":["https:\/\/www.sis-solutions.com\/es\/nuestra-membresia-en-el-ecosistema\/"]}]},{"@type":"ImageObject","inLanguage":"es-ES","@id":"https:\/\/www.sis-solutions.com\/es\/nuestra-membresia-en-el-ecosistema\/#primaryimage","url":"https:\/\/www.sis-solutions.com\/wp-content\/uploads\/2021\/09\/fd-e1631877228801.png","contentUrl":"https:\/\/www.sis-solutions.com\/wp-content\/uploads\/2021\/09\/fd-e1631877228801.png"},{"@type":"BreadcrumbList","@id":"https:\/\/www.sis-solutions.com\/es\/nuestra-membresia-en-el-ecosistema\/#breadcrumb","itemListElement":[{"@type":"ListItem","position":1,"name":"Accueil","item":"https:\/\/www.sis-solutions.com\/es\/"},{"@type":"ListItem","position":2,"name":"Nuestra membres\u00eda en el ecosistema"}]},{"@type":"WebSite","@id":"https:\/\/www.sis-solutions.com\/es\/#website","url":"https:\/\/www.sis-solutions.com\/es\/","name":"SIS","description":"Solutions pour la Supervision des R\u00e9seaux d\u2019Energie","publisher":{"@id":"https:\/\/www.sis-solutions.com\/es\/#organization"},"potentialAction":[{"@type":"SearchAction","target":{"@type":"EntryPoint","urlTemplate":"https:\/\/www.sis-solutions.com\/es\/?s={search_term_string}"},"query-input":{"@type":"PropertyValueSpecification","valueRequired":true,"valueName":"search_term_string"}}],"inLanguage":"es-ES"},{"@type":"Organization","@id":"https:\/\/www.sis-solutions.com\/es\/#organization","name":"SIS","url":"https:\/\/www.sis-solutions.com\/es\/","logo":{"@type":"ImageObject","inLanguage":"es-ES","@id":"https:\/\/www.sis-solutions.com\/es\/#\/schema\/logo\/image\/","url":"https:\/\/www.sis-solutions.com\/wp-content\/uploads\/2021\/09\/sis-logo_SIS_full_color.svg","contentUrl":"https:\/\/www.sis-solutions.com\/wp-content\/uploads\/2021\/09\/sis-logo_SIS_full_color.svg","width":49,"height":22,"caption":"SIS"},"image":{"@id":"https:\/\/www.sis-solutions.com\/es\/#\/schema\/logo\/image\/"}}]}},"_links":{"self":[{"href":"https:\/\/www.sis-solutions.com\/es\/wp-json\/wp\/v2\/pages\/5792","targetHints":{"allow":["GET"]}}],"collection":[{"href":"https:\/\/www.sis-solutions.com\/es\/wp-json\/wp\/v2\/pages"}],"about":[{"href":"https:\/\/www.sis-solutions.com\/es\/wp-json\/wp\/v2\/types\/page"}],"author":[{"embeddable":true,"href":"https:\/\/www.sis-solutions.com\/es\/wp-json\/wp\/v2\/users\/1"}],"replies":[{"embeddable":true,"href":"https:\/\/www.sis-solutions.com\/es\/wp-json\/wp\/v2\/comments?post=5792"}],"version-history":[{"count":5,"href":"https:\/\/www.sis-solutions.com\/es\/wp-json\/wp\/v2\/pages\/5792\/revisions"}],"predecessor-version":[{"id":6287,"href":"https:\/\/www.sis-solutions.com\/es\/wp-json\/wp\/v2\/pages\/5792\/revisions\/6287"}],"wp:attachment":[{"href":"https:\/\/www.sis-solutions.com\/es\/wp-json\/wp\/v2\/media?parent=5792"}],"curies":[{"name":"wp","href":"https:\/\/api.w.org\/{rel}","templated":true}]}}